{"id":11817,"date":"2017-07-13T00:00:00","date_gmt":"2021-03-18T17:22:57","guid":{"rendered":"http:\/\/invictusoltrelimite.com\/prodotto\/helix-jabon-natural-citrico\/"},"modified":"2021-03-18T18:22:57","modified_gmt":"2021-03-18T17:22:57","slug":"helix-natural-soap-citrus-snail-slime","status":"publish","type":"product","link":"https:\/\/invictusoltrelimite.com\/en\/prodotto\/helix-natural-soap-citrus-snail-slime\/","title":{"rendered":"HELIX JAB\u00d3N NATURAL C\u00cdTRICO"},"content":{"rendered":"<p><span style=\"font-size: 18pt;\">Jab\u00f3n natural con baba de caracol.<\/span><\/p>\n<p><span style=\"font-size: 14pt;\">Without preservatives &#8211; does not contain allergens<\/span><\/p>\n<p><span style=\"font-size: 14pt;\">INGREDIENTS:<\/span><br \/>\n<span style=\"font-size: 14pt;\">glycerin, agua, sodium palmate, sodium palmate kernelate, sorbitol, filtrado de secci\u00f3n de caracol, extracto de aloe barbadensis, \u00e1cido de palma, \u00e1cido de palmiste, extracto de citrus dulcis, sodium citrate, di\u00f3xido de titanio, etidronato tetras\u00f3dico .<\/span><\/p>\n","protected":false},"excerpt":{"rendered":"<p>Deeply cleanses the skin leaving it soft and smooth with a soothing regenerating action.<\/p>\n","protected":false},"featured_media":11035,"comment_status":"closed","ping_status":"closed","template":"","meta":[],"product_cat":[2159,1774,2160,2091],"product_tag":[2162,2020,1778,2164,2166,2161],"class_list":{"0":"post-11817","1":"product","2":"type-product","3":"status-publish","4":"has-post-thumbnail","6":"product_cat-artisan-soaps","7":"product_cat-brand-names","8":"product_cat-helix-extra-en","9":"product_cat-welfare","10":"product_tag-citrus-fruits","11":"product_tag-helix-extra-en","12":"product_tag-invictusoltrelimite-com-en","13":"product_tag-natural-soap","14":"product_tag-regenerating-soothing","15":"product_tag-snail-slime","16":"entry","18":"first","19":"outofstock","20":"shipping-taxable","21":"purchasable","22":"product-type-simple"},"yoast_head":"<!-- This site is optimized with the Yoast SEO Premium plugin v19.4 (Yoast SEO v19.9) - https:\/\/yoast.com\/wordpress\/plugins\/seo\/ -->\n<title>HELIX JAB\u00d3N NATURAL C\u00cdTRICO - Evolution Muscle<\/title>\n<meta name=\"robots\" content=\"index, follow, max-snippet:-1, max-image-preview:large, max-video-preview:-1\" \/>\n<link rel=\"canonical\" href=\"https:\/\/invictusoltrelimite.com\/en\/prodotto\/helix-natural-soap-citrus-snail-slime\/\" \/>\n<meta property=\"og:locale\" content=\"en_US\" \/>\n<meta property=\"og:type\" content=\"article\" \/>\n<meta property=\"og:title\" content=\"HELIX JAB\u00d3N NATURAL C\u00cdTRICO\" \/>\n<meta property=\"og:description\" content=\"Deeply cleanses the skin leaving it soft and smooth with a soothing regenerating action.\" \/>\n<meta property=\"og:url\" content=\"https:\/\/invictusoltrelimite.com\/en\/prodotto\/helix-natural-soap-citrus-snail-slime\/\" \/>\n<meta property=\"og:site_name\" content=\"Evolution Muscle\" \/>\n<meta property=\"article:publisher\" content=\"https:\/\/www.facebook.com\/profile.php?id=100063725432693\" \/>\n<meta property=\"og:image\" content=\"https:\/\/evolution-muscle.com\/wp-content\/uploads\/2021\/02\/HELIX-sapone-100gr-agrumi-e-bava-di-lumaca.jpg\" \/>\n\t<meta property=\"og:image:width\" content=\"367\" \/>\n\t<meta property=\"og:image:height\" content=\"420\" \/>\n\t<meta property=\"og:image:type\" content=\"image\/jpeg\" \/>\n<meta name=\"twitter:card\" content=\"summary_large_image\" \/>\n<script type=\"application\/ld+json\" class=\"yoast-schema-graph\">{\"@context\":\"https:\/\/schema.org\",\"@graph\":[{\"@type\":[\"WebPage\",\"ItemPage\"],\"@id\":\"https:\/\/invictusoltrelimite.com\/en\/prodotto\/helix-natural-soap-citrus-snail-slime\/\",\"url\":\"https:\/\/invictusoltrelimite.com\/en\/prodotto\/helix-natural-soap-citrus-snail-slime\/\",\"name\":\"HELIX JAB\u00d3N NATURAL C\u00cdTRICO - Evolution Muscle\",\"isPartOf\":{\"@id\":\"https:\/\/invictusoltrelimite.com\/#website\"},\"datePublished\":\"2021-03-18T17:22:57+00:00\",\"dateModified\":\"2021-03-18T17:22:57+00:00\",\"breadcrumb\":{\"@id\":\"https:\/\/invictusoltrelimite.com\/en\/prodotto\/helix-natural-soap-citrus-snail-slime\/#breadcrumb\"},\"inLanguage\":\"en-US\",\"potentialAction\":[{\"@type\":\"ReadAction\",\"target\":[\"https:\/\/invictusoltrelimite.com\/en\/prodotto\/helix-natural-soap-citrus-snail-slime\/\"]}]},{\"@type\":\"BreadcrumbList\",\"@id\":\"https:\/\/invictusoltrelimite.com\/en\/prodotto\/helix-natural-soap-citrus-snail-slime\/#breadcrumb\",\"itemListElement\":[{\"@type\":\"ListItem\",\"position\":1,\"name\":\"Home\",\"item\":\"https:\/\/invictusoltrelimite.com\/en\/\"},{\"@type\":\"ListItem\",\"position\":2,\"name\":\"SHOP\",\"item\":\"https:\/\/invictusoltrelimite.com\/en\/shop\/\"},{\"@type\":\"ListItem\",\"position\":3,\"name\":\"WELFARE\",\"item\":\"https:\/\/invictusoltrelimite.com\/en\/product-category\/welfare\/\"},{\"@type\":\"ListItem\",\"position\":4,\"name\":\"ARTISAN SOAPS\",\"item\":\"https:\/\/invictusoltrelimite.com\/en\/product-category\/welfare\/artisan-soaps\/\"},{\"@type\":\"ListItem\",\"position\":5,\"name\":\"HELIX JAB\u00d3N NATURAL C\u00cdTRICO\"}]},{\"@type\":\"WebSite\",\"@id\":\"https:\/\/invictusoltrelimite.com\/#website\",\"url\":\"https:\/\/invictusoltrelimite.com\/\",\"name\":\"Evolution Muscle\",\"description\":\"WELLNESS SOLUTIONS\",\"publisher\":{\"@id\":\"https:\/\/invictusoltrelimite.com\/#organization\"},\"potentialAction\":[{\"@type\":\"SearchAction\",\"target\":{\"@type\":\"EntryPoint\",\"urlTemplate\":\"https:\/\/invictusoltrelimite.com\/?s={search_term_string}\"},\"query-input\":\"required name=search_term_string\"}],\"inLanguage\":\"en-US\"},{\"@type\":\"Organization\",\"@id\":\"https:\/\/invictusoltrelimite.com\/#organization\",\"name\":\"Invictus\",\"url\":\"https:\/\/invictusoltrelimite.com\/\",\"logo\":{\"@type\":\"ImageObject\",\"inLanguage\":\"en-US\",\"@id\":\"https:\/\/invictusoltrelimite.com\/#\/schema\/logo\/image\/\",\"url\":\"https:\/\/invictusoltrelimite.com\/wp-content\/uploads\/2022\/10\/logo-white-1536x1131-1.png\",\"contentUrl\":\"https:\/\/invictusoltrelimite.com\/wp-content\/uploads\/2022\/10\/logo-white-1536x1131-1.png\",\"width\":1536,\"height\":1131,\"caption\":\"Invictus\"},\"image\":{\"@id\":\"https:\/\/invictusoltrelimite.com\/#\/schema\/logo\/image\/\"},\"sameAs\":[\"https:\/\/www.instagram.com\/invictusoltrelimite\/\",\"https:\/\/www.facebook.com\/profile.php?id=100063725432693\"]}]}<\/script>\n<meta property=\"product:price:amount\" content=\"5.90\" \/>\n<meta property=\"product:price:currency\" content=\"EUR\" \/>\n<meta property=\"og:availability\" content=\"out of stock\" \/>\n<meta property=\"product:availability\" content=\"out of stock\" \/>\n<meta property=\"product:retailer_item_id\" content=\"233\" \/>\n<meta property=\"product:condition\" content=\"new\" \/>\n<!-- \/ Yoast SEO Premium plugin. -->","yoast_head_json":{"title":"HELIX JAB\u00d3N NATURAL C\u00cdTRICO - Evolution Muscle","robots":{"index":"index","follow":"follow","max-snippet":"max-snippet:-1","max-image-preview":"max-image-preview:large","max-video-preview":"max-video-preview:-1"},"canonical":"https:\/\/invictusoltrelimite.com\/en\/prodotto\/helix-natural-soap-citrus-snail-slime\/","og_locale":"en_US","og_type":"article","og_title":"HELIX JAB\u00d3N NATURAL C\u00cdTRICO","og_description":"Deeply cleanses the skin leaving it soft and smooth with a soothing regenerating action.","og_url":"https:\/\/invictusoltrelimite.com\/en\/prodotto\/helix-natural-soap-citrus-snail-slime\/","og_site_name":"Evolution Muscle","article_publisher":"https:\/\/www.facebook.com\/profile.php?id=100063725432693","og_image":[{"width":367,"height":420,"url":"https:\/\/evolution-muscle.com\/wp-content\/uploads\/2021\/02\/HELIX-sapone-100gr-agrumi-e-bava-di-lumaca.jpg","type":"image\/jpeg"}],"twitter_card":"summary_large_image","schema":{"@context":"https:\/\/schema.org","@graph":[{"@type":["WebPage","ItemPage"],"@id":"https:\/\/invictusoltrelimite.com\/en\/prodotto\/helix-natural-soap-citrus-snail-slime\/","url":"https:\/\/invictusoltrelimite.com\/en\/prodotto\/helix-natural-soap-citrus-snail-slime\/","name":"HELIX JAB\u00d3N NATURAL C\u00cdTRICO - Evolution Muscle","isPartOf":{"@id":"https:\/\/invictusoltrelimite.com\/#website"},"datePublished":"2021-03-18T17:22:57+00:00","dateModified":"2021-03-18T17:22:57+00:00","breadcrumb":{"@id":"https:\/\/invictusoltrelimite.com\/en\/prodotto\/helix-natural-soap-citrus-snail-slime\/#breadcrumb"},"inLanguage":"en-US","potentialAction":[{"@type":"ReadAction","target":["https:\/\/invictusoltrelimite.com\/en\/prodotto\/helix-natural-soap-citrus-snail-slime\/"]}]},{"@type":"BreadcrumbList","@id":"https:\/\/invictusoltrelimite.com\/en\/prodotto\/helix-natural-soap-citrus-snail-slime\/#breadcrumb","itemListElement":[{"@type":"ListItem","position":1,"name":"Home","item":"https:\/\/invictusoltrelimite.com\/en\/"},{"@type":"ListItem","position":2,"name":"SHOP","item":"https:\/\/invictusoltrelimite.com\/en\/shop\/"},{"@type":"ListItem","position":3,"name":"WELFARE","item":"https:\/\/invictusoltrelimite.com\/en\/product-category\/welfare\/"},{"@type":"ListItem","position":4,"name":"ARTISAN SOAPS","item":"https:\/\/invictusoltrelimite.com\/en\/product-category\/welfare\/artisan-soaps\/"},{"@type":"ListItem","position":5,"name":"HELIX JAB\u00d3N NATURAL C\u00cdTRICO"}]},{"@type":"WebSite","@id":"https:\/\/invictusoltrelimite.com\/#website","url":"https:\/\/invictusoltrelimite.com\/","name":"Evolution Muscle","description":"WELLNESS SOLUTIONS","publisher":{"@id":"https:\/\/invictusoltrelimite.com\/#organization"},"potentialAction":[{"@type":"SearchAction","target":{"@type":"EntryPoint","urlTemplate":"https:\/\/invictusoltrelimite.com\/?s={search_term_string}"},"query-input":"required name=search_term_string"}],"inLanguage":"en-US"},{"@type":"Organization","@id":"https:\/\/invictusoltrelimite.com\/#organization","name":"Invictus","url":"https:\/\/invictusoltrelimite.com\/","logo":{"@type":"ImageObject","inLanguage":"en-US","@id":"https:\/\/invictusoltrelimite.com\/#\/schema\/logo\/image\/","url":"https:\/\/invictusoltrelimite.com\/wp-content\/uploads\/2022\/10\/logo-white-1536x1131-1.png","contentUrl":"https:\/\/invictusoltrelimite.com\/wp-content\/uploads\/2022\/10\/logo-white-1536x1131-1.png","width":1536,"height":1131,"caption":"Invictus"},"image":{"@id":"https:\/\/invictusoltrelimite.com\/#\/schema\/logo\/image\/"},"sameAs":["https:\/\/www.instagram.com\/invictusoltrelimite\/","https:\/\/www.facebook.com\/profile.php?id=100063725432693"]}]},"product_price_amount":"5.90","product_price_currency":"EUR","og_availability":"out of stock","product_availability":"out of stock","product_retailer_item_id":"233","product_condition":"new"},"_links":{"self":[{"href":"https:\/\/invictusoltrelimite.com\/en\/wp-json\/wp\/v2\/product\/11817","targetHints":{"allow":["GET"]}}],"collection":[{"href":"https:\/\/invictusoltrelimite.com\/en\/wp-json\/wp\/v2\/product"}],"about":[{"href":"https:\/\/invictusoltrelimite.com\/en\/wp-json\/wp\/v2\/types\/product"}],"replies":[{"embeddable":true,"href":"https:\/\/invictusoltrelimite.com\/en\/wp-json\/wp\/v2\/comments?post=11817"}],"wp:featuredmedia":[{"embeddable":true,"href":"https:\/\/invictusoltrelimite.com\/en\/wp-json\/wp\/v2\/media\/11035"}],"wp:attachment":[{"href":"https:\/\/invictusoltrelimite.com\/en\/wp-json\/wp\/v2\/media?parent=11817"}],"wp:term":[{"taxonomy":"product_cat","embeddable":true,"href":"https:\/\/invictusoltrelimite.com\/en\/wp-json\/wp\/v2\/product_cat?post=11817"},{"taxonomy":"product_tag","embeddable":true,"href":"https:\/\/invictusoltrelimite.com\/en\/wp-json\/wp\/v2\/product_tag?post=11817"}],"curies":[{"name":"wp","href":"https:\/\/api.w.org\/{rel}","templated":true}]}}