{"id":112406,"date":"2018-10-05T00:00:00","date_gmt":"2018-10-04T22:00:00","guid":{"rendered":"https:\/\/invictusoltrelimite.com\/prodotto\/isupplements-italia-lipofire-plus\/"},"modified":"2018-10-05T00:00:00","modified_gmt":"2018-10-04T22:00:00","slug":"isupplements-italia-lipofire-plus","status":"publish","type":"product","link":"https:\/\/invictusoltrelimite.com\/en\/prodotto\/isupplements-italia-lipofire-plus\/","title":{"rendered":"iSupplements Italia &#8211; Lipofire Plus"},"content":{"rendered":"<div>\n<p> <span style=\"font-size: 12pt\"> LIPOFIRE PLUS is a food supplement based on Sinetrol\u00ae, Fitt-ns\u00ae and Oxxynea\u00ae, mixtures of plant extracts and concentrates rich in polyphenols. The product also contains extracts useful for: the balance of body weight and lipid metabolism (Bitter Orange, Garcinia, Mat\u00e8), the stimulation of metabolism (Bitter Orange, Mat\u00e8, Green Coffee), the control of the sense of hunger (Garcinia ), a tonic and antioxidant action (Mat\u00e8, Green Coffee). The formula is completed by the presence of Niacin and Iodine which contribute to normal energy metabolism. <\/span> <\/p>\n<p> <span style=\"font-size: 12pt\"> <span style=\"font-size: 14pt\"> <strong> Ingredients: <\/strong> <\/span> Bulking agent: cellulose; Sinetrol\u00ae [blend of citrus fruit extracts (Bitter orange (Citrus aurantium L. ssp. Amara Engl.), Sweet orange (Citrus aurantium var. Dulcis), Grapefruit (Citrus paradisi Macfad.), Pomelo (Citrus grandis (L.) Osbeck ) fruits and pericarp) and Guarana (Paullinia cupana Kunth seeds) tit. 60% total polyphenols, 10% flavonoids, 2.5% caffeine, 2% synephrine], Fitt-ns\u00ae (blend of fruit and vegetable extracts and concentrates tit. 60% total polyphenols, 15% flavonoids, 2% caffeine, 1 , 8% niacin), Oxxynea\u00ae (blend of extracts and concentrates of fruit and vegetables tit. 40% total polyphenols), Green coffee (Coffea arabica L.) seeds and 45% chlorogenic acid, Yerba mate (Ilex paraguariensis A. St.-Hil.) Leaves d.e. 50% caffeine, L-Tyrosine, Bitter orange (Citrus aurantium L. ssp. Amara Engl.) Immature fruits d.e. tit. 6% synephrine, Garcinia (Garcinia cambogia (Gaernt) Desr.) Fruit d.e. tit. 60% hydroxycitric acid, Anhydrous caffeine, Anti-caking agents: magnesium salts of fatty acids, silicon dioxide; Willow (Salix alba L.) bark dry extract 15% salicin, Theobromine, Niacin (nicotinamide), Potassium iodide <br \/>\n<span style=\"font-size: 14pt\"> <strong> How to use: <\/strong> <\/span> We recommend taking 2 tablets at breakfast and 2 in the early afternoon, for a total of 4 tablets per day <br \/>\n<\/span> <\/p>\n<div class=\"row\">\n<div class=\"col-sm-4\">\n<div class=\"nutrition-wrapper\">\n<h4> <span style=\"font-size: 14pt\"> <strong> Nutritional Information <\/strong> <\/span> <\/h4>\n<table class=\"nutrition\" style=\"width: 658px\">\n<caption> <span style=\"font-size: 14pt\"> <strong> Analysis for 4 pcr <\/strong> <\/span> <\/caption>\n<tbody>\n<tr>\n<th style=\"width: 233px\"> <span style=\"font-size: 12pt\"> Sinetrol\u00ae <\/span> <\/th>\n<td style=\"width: 166px\"> <span style=\"font-size: 12pt\"> 900 mg <\/span> <\/td>\n<td style=\"width: 259px\"> <\/td>\n<\/tr>\n<tr>\n<th style=\"width: 233px\"> <span style=\"font-size: 12pt\"> intake of flavonoids <\/span> <\/th>\n<td style=\"width: 166px\"> <span style=\"font-size: 12pt\"> 90 mg <\/span> <\/td>\n<td style=\"width: 259px\"> <\/td>\n<\/tr>\n<tr>\n<th style=\"width: 233px\"> <span style=\"font-size: 12pt\"> synephrine input <\/span> <\/th>\n<td style=\"width: 166px\"> <span style=\"font-size: 12pt\"> 18 mg <\/span> <\/td>\n<td style=\"width: 259px\"> <\/td>\n<\/tr>\n<tr>\n<th style=\"width: 233px\"> <span style=\"font-size: 12pt\"> caffeine intake <\/span> <\/th>\n<td style=\"width: 166px\"> <span style=\"font-size: 12pt\"> 22,5 mg <\/span> <\/td>\n<td style=\"width: 259px\"> <\/td>\n<\/tr>\n<tr>\n<th style=\"width: 233px\"> <span style=\"font-size: 12pt\"> Fiit-ns\u00ae <\/span> <\/th>\n<td style=\"width: 166px\"> <span style=\"font-size: 12pt\"> 900 mg <\/span> <\/td>\n<td style=\"width: 259px\"> <\/td>\n<\/tr>\n<tr>\n<th style=\"width: 233px\"> <span style=\"font-size: 12pt\"> intake of flavonoids <\/span> <\/th>\n<td style=\"width: 166px\"> <span style=\"font-size: 12pt\"> 135 mg <\/span> <\/td>\n<td style=\"width: 259px\"> <\/td>\n<\/tr>\n<tr>\n<th style=\"width: 233px\"> <span style=\"font-size: 12pt\"> caffeine intake <\/span> <\/th>\n<td style=\"width: 166px\"> <span style=\"font-size: 12pt\"> 18 mg <\/span> <\/td>\n<td style=\"width: 259px\"> <\/td>\n<\/tr>\n<tr>\n<th style=\"width: 233px\"> <span style=\"font-size: 12pt\"> Oxxynea\u00ae <\/span> <\/th>\n<td style=\"width: 166px\"> <span style=\"font-size: 12pt\"> 800 mg <\/span> <\/td>\n<td style=\"width: 259px\"> <\/td>\n<\/tr>\n<tr>\n<th style=\"width: 233px\"> <span style=\"font-size: 12pt\"> contribution in total polyphenols <\/span> <\/th>\n<td style=\"width: 166px\"> <span style=\"font-size: 12pt\"> 320 mg <\/span> <\/td>\n<td style=\"width: 259px\"> <\/td>\n<\/tr>\n<tr>\n<th style=\"width: 233px\"> <span style=\"font-size: 12pt\"> Green coffee e.s. <\/span> <\/th>\n<td style=\"width: 166px\"> <span style=\"font-size: 12pt\"> 333,2 mg <\/span> <\/td>\n<td style=\"width: 259px\"> <\/td>\n<\/tr>\n<tr>\n<th style=\"width: 233px\"> <span style=\"font-size: 12pt\"> chlorogenic acid supply <\/span> <\/th>\n<td style=\"width: 166px\"> <span style=\"font-size: 12pt\"> 150 mg <\/span> <\/td>\n<td style=\"width: 259px\"> <\/td>\n<\/tr>\n<tr>\n<th style=\"width: 233px\"> <span style=\"font-size: 12pt\"> Yerba mate e.s. <\/span> <\/th>\n<td style=\"width: 166px\"> <span style=\"font-size: 12pt\"> 300 mg <\/span> <\/td>\n<td style=\"width: 259px\"> <\/td>\n<\/tr>\n<tr>\n<th style=\"width: 233px\"> <span style=\"font-size: 12pt\"> caffeine intake <\/span> <\/th>\n<td style=\"width: 166px\"> <span style=\"font-size: 12pt\"> 150 mg <\/span> <\/td>\n<td style=\"width: 259px\"> <\/td>\n<\/tr>\n<tr>\n<th style=\"width: 233px\"> <span style=\"font-size: 12pt\"> Bitter orange d.e. <\/span> <\/th>\n<td style=\"width: 166px\"> <span style=\"font-size: 12pt\"> 200 mg <\/span> <\/td>\n<td style=\"width: 259px\"> <\/td>\n<\/tr>\n<tr>\n<th style=\"width: 233px\"> <span style=\"font-size: 12pt\"> synephrine input <\/span> <\/th>\n<td style=\"width: 166px\"> <span style=\"font-size: 12pt\"> 12 mg <\/span> <\/td>\n<td style=\"width: 259px\"> <\/td>\n<\/tr>\n<tr>\n<th style=\"width: 233px\"> <span style=\"font-size: 12pt\"> Tyrosine <\/span> <\/th>\n<td style=\"width: 166px\"> <span style=\"font-size: 12pt\"> 250 mg <\/span> <\/td>\n<td style=\"width: 259px\"> <\/td>\n<\/tr>\n<tr>\n<th style=\"width: 233px\"> <span style=\"font-size: 12pt\"> Caffeine added <\/span> <\/th>\n<td style=\"width: 166px\"> <span style=\"font-size: 12pt\"> 147.5 mg <\/span> <\/td>\n<td style=\"width: 259px\"> <\/td>\n<\/tr>\n<tr>\n<th style=\"width: 233px\"> <span style=\"font-size: 12pt\"> Total caffeine <\/span> <\/th>\n<td style=\"width: 166px\"> <span style=\"font-size: 12pt\"> 338 mg <\/span> <\/td>\n<td style=\"width: 259px\"> <\/td>\n<\/tr>\n<tr>\n<th style=\"width: 233px\"> <span style=\"font-size: 12pt\"> Garcinia e.s. <\/span> <\/th>\n<td style=\"width: 166px\"> <span style=\"font-size: 12pt\"> 160 mg <\/span> <\/td>\n<td style=\"width: 259px\"> <\/td>\n<\/tr>\n<tr>\n<th style=\"width: 233px\"> <span style=\"font-size: 12pt\"> contribution in hydroxycitric acid <\/span> <\/th>\n<td style=\"width: 166px\"> <span style=\"font-size: 12pt\"> 96 mg <\/span> <\/td>\n<td style=\"width: 259px\"> <\/td>\n<\/tr>\n<tr>\n<th style=\"width: 233px\"> <span style=\"font-size: 12pt\"> Salice e.s. <\/span> <\/th>\n<td style=\"width: 166px\"> <span style=\"font-size: 12pt\"> 80 mg <\/span> <\/td>\n<td style=\"width: 259px\"> <\/td>\n<\/tr>\n<tr>\n<th style=\"width: 233px\"> <span style=\"font-size: 12pt\"> salicin content <\/span> <\/th>\n<td style=\"width: 166px\"> <span style=\"font-size: 12pt\"> 12 mg <\/span> <\/td>\n<td style=\"width: 259px\"> <\/td>\n<\/tr>\n<tr>\n<th style=\"width: 233px\"> <span style=\"font-size: 12pt\"> Theobromine <\/span> <\/th>\n<td style=\"width: 166px\"> <span style=\"font-size: 12pt\"> 80 mg <\/span> <\/td>\n<td style=\"width: 259px\"> <\/td>\n<\/tr>\n<tr>\n<th style=\"width: 233px\"> <span style=\"font-size: 12pt\"> Niacina <\/span> <\/th>\n<td style=\"width: 166px\"> <span style=\"font-size: 12pt\"> 52 mg <\/span> <\/td>\n<td style=\"width: 259px\"> <span style=\"font-size: 12pt\"> 325 <\/span> <\/td>\n<\/tr>\n<tr>\n<th style=\"width: 233px\"> <span style=\"font-size: 12pt\"> Iodine <\/span> <\/th>\n<td style=\"width: 166px\"> <span style=\"font-size: 12pt\"> 225 \u03bcg <\/span> <\/td>\n<td style=\"width: 259px\"> <span style=\"font-size: 12pt\"> 150 <\/span> <\/td>\n<\/tr>\n<\/tbody>\n<\/table>\n<\/div>\n<\/div>\n<\/div>\n<\/div>\n","protected":false},"excerpt":{"rendered":"<p><span> <strong> Plant extracts, tyrosine, niacin and iodine. Contains caffeine. <\/strong> <\/span><\/p>\n","protected":false},"featured_media":10465,"comment_status":"closed","ping_status":"closed","template":"","meta":[],"product_cat":[2619,1924],"product_tag":[1778,1781,1794,1790,2391],"class_list":{"0":"post-112406","1":"product","2":"type-product","3":"status-publish","4":"has-post-thumbnail","6":"product_cat-isupplements-italia-en","7":"product_cat-slimming","8":"product_tag-invictusoltrelimite-com-en","9":"product_tag-physical-activity","10":"product_tag-physical-and-mental-tiredness","11":"product_tag-sport-en","12":"product_tag-weight-control-en","13":"entry","15":"first","16":"outofstock","17":"sale","18":"taxable","19":"shipping-taxable","20":"purchasable","21":"product-type-simple"},"yoast_head":"<!-- This site is optimized with the Yoast SEO Premium plugin v19.4 (Yoast SEO v19.9) - https:\/\/yoast.com\/wordpress\/plugins\/seo\/ -->\n<title>iSupplements Italia - Lipofire Plus - Evolution Muscle<\/title>\n<meta name=\"robots\" content=\"index, follow, max-snippet:-1, max-image-preview:large, max-video-preview:-1\" \/>\n<link rel=\"canonical\" href=\"https:\/\/invictusoltrelimite.com\/en\/prodotto\/isupplements-italia-lipofire-plus\/\" \/>\n<meta property=\"og:locale\" content=\"en_US\" \/>\n<meta property=\"og:type\" content=\"article\" \/>\n<meta property=\"og:title\" content=\"iSupplements Italia - Lipofire Plus\" \/>\n<meta property=\"og:description\" content=\"Plant extracts, tyrosine, niacin and iodine. Contains caffeine.\" \/>\n<meta property=\"og:url\" content=\"https:\/\/invictusoltrelimite.com\/en\/prodotto\/isupplements-italia-lipofire-plus\/\" \/>\n<meta property=\"og:site_name\" content=\"Evolution Muscle\" \/>\n<meta property=\"article:publisher\" content=\"https:\/\/www.facebook.com\/profile.php?id=100063725432693\" \/>\n<meta property=\"og:image\" content=\"https:\/\/evolution-muscle.com\/wp-content\/uploads\/2021\/02\/LIPO-FIRE-PLUS-ISUPPLEMENTS.jpg\" \/>\n\t<meta property=\"og:image:width\" content=\"425\" \/>\n\t<meta property=\"og:image:height\" content=\"425\" \/>\n\t<meta property=\"og:image:type\" content=\"image\/jpeg\" \/>\n<meta name=\"twitter:card\" content=\"summary_large_image\" \/>\n<script type=\"application\/ld+json\" class=\"yoast-schema-graph\">{\"@context\":\"https:\/\/schema.org\",\"@graph\":[{\"@type\":[\"WebPage\",\"ItemPage\"],\"@id\":\"https:\/\/invictusoltrelimite.com\/en\/prodotto\/isupplements-italia-lipofire-plus\/\",\"url\":\"https:\/\/invictusoltrelimite.com\/en\/prodotto\/isupplements-italia-lipofire-plus\/\",\"name\":\"iSupplements Italia - Lipofire Plus - Evolution Muscle\",\"isPartOf\":{\"@id\":\"https:\/\/invictusoltrelimite.com\/#website\"},\"datePublished\":\"2018-10-04T22:00:00+00:00\",\"dateModified\":\"2018-10-04T22:00:00+00:00\",\"breadcrumb\":{\"@id\":\"https:\/\/invictusoltrelimite.com\/en\/prodotto\/isupplements-italia-lipofire-plus\/#breadcrumb\"},\"inLanguage\":\"en-US\",\"potentialAction\":[{\"@type\":\"ReadAction\",\"target\":[\"https:\/\/invictusoltrelimite.com\/en\/prodotto\/isupplements-italia-lipofire-plus\/\"]}]},{\"@type\":\"BreadcrumbList\",\"@id\":\"https:\/\/invictusoltrelimite.com\/en\/prodotto\/isupplements-italia-lipofire-plus\/#breadcrumb\",\"itemListElement\":[{\"@type\":\"ListItem\",\"position\":1,\"name\":\"Home\",\"item\":\"https:\/\/invictusoltrelimite.com\/en\/\"},{\"@type\":\"ListItem\",\"position\":2,\"name\":\"SHOP\",\"item\":\"https:\/\/invictusoltrelimite.com\/en\/shop\/\"},{\"@type\":\"ListItem\",\"position\":3,\"name\":\"SUPPLEMENTS\",\"item\":\"https:\/\/invictusoltrelimite.com\/categoria-prodotto\/integratori\/\"},{\"@type\":\"ListItem\",\"position\":4,\"name\":\"SLIMMING\",\"item\":\"https:\/\/invictusoltrelimite.com\/categoria-prodotto\/integratori\/dimagranti\/\"},{\"@type\":\"ListItem\",\"position\":5,\"name\":\"iSupplements Italia &#8211; Lipofire Plus\"}]},{\"@type\":\"WebSite\",\"@id\":\"https:\/\/invictusoltrelimite.com\/#website\",\"url\":\"https:\/\/invictusoltrelimite.com\/\",\"name\":\"Evolution Muscle\",\"description\":\"WELLNESS SOLUTIONS\",\"publisher\":{\"@id\":\"https:\/\/invictusoltrelimite.com\/#organization\"},\"potentialAction\":[{\"@type\":\"SearchAction\",\"target\":{\"@type\":\"EntryPoint\",\"urlTemplate\":\"https:\/\/invictusoltrelimite.com\/?s={search_term_string}\"},\"query-input\":\"required name=search_term_string\"}],\"inLanguage\":\"en-US\"},{\"@type\":\"Organization\",\"@id\":\"https:\/\/invictusoltrelimite.com\/#organization\",\"name\":\"Invictus\",\"url\":\"https:\/\/invictusoltrelimite.com\/\",\"logo\":{\"@type\":\"ImageObject\",\"inLanguage\":\"en-US\",\"@id\":\"https:\/\/invictusoltrelimite.com\/#\/schema\/logo\/image\/\",\"url\":\"https:\/\/invictusoltrelimite.com\/wp-content\/uploads\/2022\/10\/logo-white-1536x1131-1.png\",\"contentUrl\":\"https:\/\/invictusoltrelimite.com\/wp-content\/uploads\/2022\/10\/logo-white-1536x1131-1.png\",\"width\":1536,\"height\":1131,\"caption\":\"Invictus\"},\"image\":{\"@id\":\"https:\/\/invictusoltrelimite.com\/#\/schema\/logo\/image\/\"},\"sameAs\":[\"https:\/\/www.instagram.com\/invictusoltrelimite\/\",\"https:\/\/www.facebook.com\/profile.php?id=100063725432693\"]}]}<\/script>\n<meta property=\"product:price:amount\" content=\"37.50\" \/>\n<meta property=\"product:price:currency\" content=\"EUR\" \/>\n<meta property=\"og:availability\" content=\"out of stock\" \/>\n<meta property=\"product:availability\" content=\"out of stock\" \/>\n<meta property=\"product:retailer_item_id\" content=\"409\" \/>\n<meta property=\"product:condition\" content=\"new\" \/>\n<!-- \/ Yoast SEO Premium plugin. -->","yoast_head_json":{"title":"iSupplements Italia - Lipofire Plus - Evolution Muscle","robots":{"index":"index","follow":"follow","max-snippet":"max-snippet:-1","max-image-preview":"max-image-preview:large","max-video-preview":"max-video-preview:-1"},"canonical":"https:\/\/invictusoltrelimite.com\/en\/prodotto\/isupplements-italia-lipofire-plus\/","og_locale":"en_US","og_type":"article","og_title":"iSupplements Italia - Lipofire Plus","og_description":"Plant extracts, tyrosine, niacin and iodine. Contains caffeine.","og_url":"https:\/\/invictusoltrelimite.com\/en\/prodotto\/isupplements-italia-lipofire-plus\/","og_site_name":"Evolution Muscle","article_publisher":"https:\/\/www.facebook.com\/profile.php?id=100063725432693","og_image":[{"width":425,"height":425,"url":"https:\/\/evolution-muscle.com\/wp-content\/uploads\/2021\/02\/LIPO-FIRE-PLUS-ISUPPLEMENTS.jpg","type":"image\/jpeg"}],"twitter_card":"summary_large_image","schema":{"@context":"https:\/\/schema.org","@graph":[{"@type":["WebPage","ItemPage"],"@id":"https:\/\/invictusoltrelimite.com\/en\/prodotto\/isupplements-italia-lipofire-plus\/","url":"https:\/\/invictusoltrelimite.com\/en\/prodotto\/isupplements-italia-lipofire-plus\/","name":"iSupplements Italia - Lipofire Plus - Evolution Muscle","isPartOf":{"@id":"https:\/\/invictusoltrelimite.com\/#website"},"datePublished":"2018-10-04T22:00:00+00:00","dateModified":"2018-10-04T22:00:00+00:00","breadcrumb":{"@id":"https:\/\/invictusoltrelimite.com\/en\/prodotto\/isupplements-italia-lipofire-plus\/#breadcrumb"},"inLanguage":"en-US","potentialAction":[{"@type":"ReadAction","target":["https:\/\/invictusoltrelimite.com\/en\/prodotto\/isupplements-italia-lipofire-plus\/"]}]},{"@type":"BreadcrumbList","@id":"https:\/\/invictusoltrelimite.com\/en\/prodotto\/isupplements-italia-lipofire-plus\/#breadcrumb","itemListElement":[{"@type":"ListItem","position":1,"name":"Home","item":"https:\/\/invictusoltrelimite.com\/en\/"},{"@type":"ListItem","position":2,"name":"SHOP","item":"https:\/\/invictusoltrelimite.com\/en\/shop\/"},{"@type":"ListItem","position":3,"name":"SUPPLEMENTS","item":"https:\/\/invictusoltrelimite.com\/categoria-prodotto\/integratori\/"},{"@type":"ListItem","position":4,"name":"SLIMMING","item":"https:\/\/invictusoltrelimite.com\/categoria-prodotto\/integratori\/dimagranti\/"},{"@type":"ListItem","position":5,"name":"iSupplements Italia &#8211; Lipofire Plus"}]},{"@type":"WebSite","@id":"https:\/\/invictusoltrelimite.com\/#website","url":"https:\/\/invictusoltrelimite.com\/","name":"Evolution Muscle","description":"WELLNESS SOLUTIONS","publisher":{"@id":"https:\/\/invictusoltrelimite.com\/#organization"},"potentialAction":[{"@type":"SearchAction","target":{"@type":"EntryPoint","urlTemplate":"https:\/\/invictusoltrelimite.com\/?s={search_term_string}"},"query-input":"required name=search_term_string"}],"inLanguage":"en-US"},{"@type":"Organization","@id":"https:\/\/invictusoltrelimite.com\/#organization","name":"Invictus","url":"https:\/\/invictusoltrelimite.com\/","logo":{"@type":"ImageObject","inLanguage":"en-US","@id":"https:\/\/invictusoltrelimite.com\/#\/schema\/logo\/image\/","url":"https:\/\/invictusoltrelimite.com\/wp-content\/uploads\/2022\/10\/logo-white-1536x1131-1.png","contentUrl":"https:\/\/invictusoltrelimite.com\/wp-content\/uploads\/2022\/10\/logo-white-1536x1131-1.png","width":1536,"height":1131,"caption":"Invictus"},"image":{"@id":"https:\/\/invictusoltrelimite.com\/#\/schema\/logo\/image\/"},"sameAs":["https:\/\/www.instagram.com\/invictusoltrelimite\/","https:\/\/www.facebook.com\/profile.php?id=100063725432693"]}]},"product_price_amount":"37.50","product_price_currency":"EUR","og_availability":"out of stock","product_availability":"out of stock","product_retailer_item_id":"409","product_condition":"new"},"_links":{"self":[{"href":"https:\/\/invictusoltrelimite.com\/en\/wp-json\/wp\/v2\/product\/112406","targetHints":{"allow":["GET"]}}],"collection":[{"href":"https:\/\/invictusoltrelimite.com\/en\/wp-json\/wp\/v2\/product"}],"about":[{"href":"https:\/\/invictusoltrelimite.com\/en\/wp-json\/wp\/v2\/types\/product"}],"replies":[{"embeddable":true,"href":"https:\/\/invictusoltrelimite.com\/en\/wp-json\/wp\/v2\/comments?post=112406"}],"wp:featuredmedia":[{"embeddable":true,"href":"https:\/\/invictusoltrelimite.com\/en\/wp-json\/wp\/v2\/media\/10465"}],"wp:attachment":[{"href":"https:\/\/invictusoltrelimite.com\/en\/wp-json\/wp\/v2\/media?parent=112406"}],"wp:term":[{"taxonomy":"product_cat","embeddable":true,"href":"https:\/\/invictusoltrelimite.com\/en\/wp-json\/wp\/v2\/product_cat?post=112406"},{"taxonomy":"product_tag","embeddable":true,"href":"https:\/\/invictusoltrelimite.com\/en\/wp-json\/wp\/v2\/product_tag?post=112406"}],"curies":[{"name":"wp","href":"https:\/\/api.w.org\/{rel}","templated":true}]}}