{"id":112308,"date":"2018-10-30T00:00:00","date_gmt":"2018-10-29T23:00:00","guid":{"rendered":"https:\/\/invictusoltrelimite.com\/prodotto\/why-nature-vitamine-e-minerali\/"},"modified":"2018-10-30T00:00:00","modified_gmt":"2018-10-29T23:00:00","slug":"why-nature-vitamine-e-minerali","status":"publish","type":"product","link":"https:\/\/invictusoltrelimite.com\/en\/prodotto\/why-nature-vitamine-e-minerali\/","title":{"rendered":"WHY NATURE VITAMINE E MINERALI"},"content":{"rendered":"<p> <span style=\"font-size: 12pt\"> Vitamine Minerali by WHYnature is a multivitamin supplement &#8211; multimineral against tiredness and fatigue. <\/span> <\/p>\n<p> <span style=\"font-size: 12pt\"> Alkalizing minerals are useful for counteracting excessive tissue acidification, ie regulating the acid-base ratio which is essential for the well-being of the whole organism. <\/span> <\/p>\n<p> <span style=\"font-size: 12pt\"> The product is formulated with thiamin, riboflavin, niacin, pantothenic acid, vitamin B6, vitamin B12 and magnesium, which contribute to normal energy metabolism. <\/span> <br \/>\n<span style=\"font-size: 12pt\"> There are also the minerals calcium, magnesium, potassium and sodium. <\/span> <\/p>\n<p> <span style=\"font-size: 12pt\"> Calcium and magnesium contribute to muscle function and the maintenance of normal bones and teeth. <\/span> <br \/>\n<span style=\"font-size: 12pt\"> WHYnature Vitamins and Minerals also helps the body to support the immune system and reduce the feeling of tiredness and fatigue thanks to the presence of folic acid, vitamin C and vitamin B6. <\/span> <br \/>\n<span style=\"font-size: 12pt\"> Vitamins and Minerals by WHYnature is free of gluten and palm oil and is available in the pleasant orange flavor in the format of 10 sachets of 10 g each. <\/span> <br \/>\n<span style=\"font-size: 12pt\"> <span style=\"font-size: 14pt\"> <strong> Directions for use <\/strong> <\/span>: dissolve one sachet a day in a glass of water. Take in the morning after breakfast to boost energy throughout the day. <\/span> <\/p>\n<p> <span style=\"font-size: 14pt\"> <strong> Nutritional Information <\/strong> <\/span> <\/p>\n<p> <span style=\"font-size: 14pt\"> <strong> VITAMINS AND MINERALS 10 bags <\/strong> <\/span> <\/p>\n<table width=\"100%\">\n<tbody>\n<tr>\n<td> <span style=\"font-size: 12pt\"> Taste: <\/span> <\/td>\n<td> <span style=\"font-size: 12pt\"> XXX <\/span> <\/td>\n<\/tr>\n<tr>\n<td> <span style=\"font-size: 12pt\"> Portion: <\/span> <\/td>\n<td> <span style=\"font-size: 12pt\"> 1 packet <\/span> <\/td>\n<\/tr>\n<\/tbody>\n<\/table>\n<table width=\"100%\">\n<tbody>\n<tr>\n<td colspan=\"2\"><span style=\"font-size: 12pt\">Per porzione<\/span><\/td>\n<td><span style=\"font-size: 12pt\">%VNR*<\/span><\/td>\n<\/tr>\n<tr>\n<td><span style=\"font-size: 12pt\">Calcio<\/span><\/td>\n<td><span style=\"font-size: 12pt\">250 mg<\/span><\/td>\n<td><span style=\"font-size: 12pt\">31<\/span><\/td>\n<\/tr>\n<tr>\n<td><span style=\"font-size: 12pt\">Potassio<\/span><\/td>\n<td><span style=\"font-size: 12pt\">300 mg<\/span><\/td>\n<td><span style=\"font-size: 12pt\">15<\/span><\/td>\n<\/tr>\n<tr>\n<td><span style=\"font-size: 12pt\">Sodio<\/span><\/td>\n<td><span style=\"font-size: 12pt\">136,8mg<\/span><\/td>\n<td><\/td>\n<\/tr>\n<tr>\n<td><span style=\"font-size: 12pt\">Magnesio<\/span><\/td>\n<td><span style=\"font-size: 12pt\">180mg<\/span><\/td>\n<td><span style=\"font-size: 12pt\">48<\/span><\/td>\n<\/tr>\n<tr>\n<td><span style=\"font-size: 12pt\">Vitamina C <\/span><\/td>\n<td><span style=\"font-size: 12pt\">80mg<\/span><\/td>\n<td><span style=\"font-size: 12pt\">100<\/span><\/td>\n<\/tr>\n<tr>\n<td><span style=\"font-size: 12pt\">Niacina <\/span><\/td>\n<td><span style=\"font-size: 12pt\">16mg<\/span><\/td>\n<td><span style=\"font-size: 12pt\">100<\/span><\/td>\n<\/tr>\n<tr>\n<td><span style=\"font-size: 12pt\">Acido pantotenico <\/span><\/td>\n<td><span style=\"font-size: 12pt\">6mg<\/span><\/td>\n<td><span style=\"font-size: 12pt\">100<\/span><\/td>\n<\/tr>\n<tr>\n<td><span style=\"font-size: 12pt\">Vitamina B6 <\/span><\/td>\n<td><span style=\"font-size: 12pt\">2,1mg<\/span><\/td>\n<td><span style=\"font-size: 12pt\">100<\/span><\/td>\n<\/tr>\n<tr>\n<td><span style=\"font-size: 12pt\">Vitamina B12 <\/span><\/td>\n<td><span style=\"font-size: 12pt\">2,5mcg<\/span><\/td>\n<td><span style=\"font-size: 12pt\">100<\/span><\/td>\n<\/tr>\n<tr>\n<td><span style=\"font-size: 12pt\">Riboflavina<\/span><\/td>\n<td><span style=\"font-size: 12pt\">1,4mg<\/span><\/td>\n<td><span style=\"font-size: 12pt\">100<\/span><\/td>\n<\/tr>\n<tr>\n<td><span style=\"font-size: 12pt\">Tiamina<\/span><\/td>\n<td><span style=\"font-size: 12pt\">1,1mg<\/span><\/td>\n<td><span style=\"font-size: 12pt\">100<\/span><\/td>\n<\/tr>\n<tr>\n<td><span style=\"font-size: 12pt\">Acido folico <\/span><\/td>\n<td><span style=\"font-size: 12pt\">200mcg<\/span><\/td>\n<td><span style=\"font-size: 12pt\">100<\/span><\/td>\n<\/tr>\n<\/tbody>\n<\/table>\n<p><span style=\"font-size: 12pt\">*VNR: Valori Nutritivi di Riferimento<\/span><\/p>\n<p><span style=\"font-size: 14pt\"><strong>Ingredienti:<\/strong><\/span><\/p>\n<p><span style=\"font-size: 12pt\">maltodestrine, acidificante (acido citrico), calcio citrato, potassio citrato, sodio bicarbonato, magnesio citrato, calcio carbonato, potassio bicarbonato, magnesio ossido, agente antiagglomerante (biossido di silicio), aroma, succo di arancio concentrato in polvere, vitamina C (acido L-ascorbico), niacina (nicotinammide), edulcorante (sucralosio), acido pantotenico (calcio D-pantotenato), colorante (beta-carotene), vitamina B6 (cloridrato di piridossina), vitamina B12 (cianocobalamina), vitamina B2 (riboflavina), vitamina B1 (cloridrato di tiamina), acido folico (acido pteroil-monoglutammico).<\/span><\/p>\n<p><span style=\"font-size: 12pt\"><span style=\"font-size: 14pt\"><strong>Modalit\u00e0 d&#8217;uso<\/strong><\/span>:<\/span><\/p>\n<p><span style=\"font-size: 12pt\">sciogliere 1 bustina al giorno in un bicchiere d\u2019acqua (150ml).<\/span><\/p>\n<p><span style=\"font-size: 14pt\"><strong>Avvertenze:<\/strong><\/span><\/p>\n<p><span style=\"font-size: 12pt\">gli integratori alimentari non vanno intesi come sostituti di una dieta variata, equilibrata e di uno stile di vita sano. Non superare la dose giornaliera raccomandata. Tenere fuori dalla portata dei bambini al di sotto dei 3 anni di et\u00e0. Non assumere in caso di ipersensibilit\u00e0 o di allergie verso uno o pi\u00f9 componenti.<\/span><\/p>\n<p><span style=\"font-size: 14pt\"><strong>Note aggiuntive:<\/strong><\/span><\/p>\n<p><span style=\"font-size: 12pt\">Queste informazioni vengono presentate solo a scopo illustrativo. Le indicazioni e i valori sulla confezione del prodotto reale avranno sempre la precedenza su tutte le linee guida della scheda informativa.<\/span><\/p>\n","protected":false},"excerpt":{"rendered":"<p> <span> <strong> Food supplement of vitamins and minerals with magnesium. <\/strong> <\/span> <\/p>\n<ul>\n<li> <span> <strong> to support your body in times of stress <\/strong> <\/span> <\/li>\n<li> <span> <strong> during season changes <\/strong> <\/span> <\/li>\n<li> <span> <strong> during recovery periods <\/strong> <\/span> <\/li>\n<\/ul>\n<p> <strong> <\/strong> <\/p>\n","protected":false},"featured_media":10287,"comment_status":"closed","ping_status":"closed","template":"","meta":[],"product_cat":[1774,1828,1785,1786,1795,1885],"product_tag":[1881,1778,2293,1877,1781,1794,1790,1894],"class_list":{"0":"post-112308","1":"product","2":"type-product","3":"status-publish","4":"has-post-thumbnail","6":"product_cat-brand-names","7":"product_cat-minerals","8":"product_cat-natural-foods","9":"product_cat-supplements","10":"product_cat-vitamins","11":"product_cat-why-nature-en","12":"product_tag-food-supplements","13":"product_tag-invictusoltrelimite-com-en","14":"product_tag-magnesium","15":"product_tag-minerali-en","16":"product_tag-physical-activity","17":"product_tag-physical-and-mental-tiredness","18":"product_tag-sport-en","19":"product_tag-why-nature-en","20":"entry","22":"first","23":"outofstock","24":"sale","25":"taxable","26":"shipping-taxable","27":"purchasable","28":"product-type-simple"},"yoast_head":"<!-- This site is optimized with the Yoast SEO Premium plugin v19.4 (Yoast SEO v19.9) - https:\/\/yoast.com\/wordpress\/plugins\/seo\/ -->\n<title>WHY NATURE VITAMINE E MINERALI - Evolution Muscle<\/title>\n<meta name=\"description\" content=\"The alkalizing minerals are useful for counteracting excessive tissue acidification, or to regulate the acid-base ratio which is indispensable.\" \/>\n<meta name=\"robots\" content=\"index, follow, max-snippet:-1, max-image-preview:large, max-video-preview:-1\" \/>\n<link rel=\"canonical\" href=\"https:\/\/invictusoltrelimite.com\/en\/prodotto\/why-nature-vitamine-e-minerali\/\" \/>\n<meta property=\"og:locale\" content=\"en_US\" \/>\n<meta property=\"og:type\" content=\"article\" \/>\n<meta property=\"og:title\" content=\"WHY NATURE VITAMINE E MINERALI\" \/>\n<meta property=\"og:description\" content=\"The alkalizing minerals are useful for counteracting excessive tissue acidification, or to regulate the acid-base ratio which is indispensable.\" \/>\n<meta property=\"og:url\" content=\"https:\/\/invictusoltrelimite.com\/en\/prodotto\/why-nature-vitamine-e-minerali\/\" \/>\n<meta property=\"og:site_name\" content=\"Evolution Muscle\" \/>\n<meta property=\"article:publisher\" content=\"https:\/\/www.facebook.com\/profile.php?id=100063725432693\" \/>\n<meta property=\"og:image\" content=\"https:\/\/evolution-muscle.com\/wp-content\/uploads\/2021\/02\/Evolution-Muscle-_Vitamine-e-Minerali_10-buste.png\" \/>\n\t<meta property=\"og:image:width\" content=\"510\" \/>\n\t<meta property=\"og:image:height\" content=\"600\" \/>\n\t<meta property=\"og:image:type\" content=\"image\/png\" \/>\n<meta name=\"twitter:card\" content=\"summary_large_image\" \/>\n<script type=\"application\/ld+json\" class=\"yoast-schema-graph\">{\"@context\":\"https:\/\/schema.org\",\"@graph\":[{\"@type\":[\"WebPage\",\"ItemPage\"],\"@id\":\"https:\/\/invictusoltrelimite.com\/en\/prodotto\/why-nature-vitamine-e-minerali\/\",\"url\":\"https:\/\/invictusoltrelimite.com\/en\/prodotto\/why-nature-vitamine-e-minerali\/\",\"name\":\"WHY NATURE VITAMINE E MINERALI - Evolution Muscle\",\"isPartOf\":{\"@id\":\"https:\/\/invictusoltrelimite.com\/#website\"},\"datePublished\":\"2018-10-29T23:00:00+00:00\",\"dateModified\":\"2018-10-29T23:00:00+00:00\",\"description\":\"The alkalizing minerals are useful for counteracting excessive tissue acidification, or to regulate the acid-base ratio which is indispensable.\",\"breadcrumb\":{\"@id\":\"https:\/\/invictusoltrelimite.com\/en\/prodotto\/why-nature-vitamine-e-minerali\/#breadcrumb\"},\"inLanguage\":\"en-US\",\"potentialAction\":[{\"@type\":\"ReadAction\",\"target\":[\"https:\/\/invictusoltrelimite.com\/en\/prodotto\/why-nature-vitamine-e-minerali\/\"]}]},{\"@type\":\"BreadcrumbList\",\"@id\":\"https:\/\/invictusoltrelimite.com\/en\/prodotto\/why-nature-vitamine-e-minerali\/#breadcrumb\",\"itemListElement\":[{\"@type\":\"ListItem\",\"position\":1,\"name\":\"Home\",\"item\":\"https:\/\/invictusoltrelimite.com\/en\/\"},{\"@type\":\"ListItem\",\"position\":2,\"name\":\"SHOP\",\"item\":\"https:\/\/invictusoltrelimite.com\/en\/shop\/\"},{\"@type\":\"ListItem\",\"position\":3,\"name\":\"NATURAL FOODS\",\"item\":\"https:\/\/invictusoltrelimite.com\/en\/product-category\/natural-foods\/\"},{\"@type\":\"ListItem\",\"position\":4,\"name\":\"MINERALS\",\"item\":\"https:\/\/invictusoltrelimite.com\/en\/product-category\/natural-foods\/minerals\/\"},{\"@type\":\"ListItem\",\"position\":5,\"name\":\"WHY NATURE VITAMINE E MINERALI\"}]},{\"@type\":\"WebSite\",\"@id\":\"https:\/\/invictusoltrelimite.com\/#website\",\"url\":\"https:\/\/invictusoltrelimite.com\/\",\"name\":\"Evolution Muscle\",\"description\":\"WELLNESS SOLUTIONS\",\"publisher\":{\"@id\":\"https:\/\/invictusoltrelimite.com\/#organization\"},\"potentialAction\":[{\"@type\":\"SearchAction\",\"target\":{\"@type\":\"EntryPoint\",\"urlTemplate\":\"https:\/\/invictusoltrelimite.com\/?s={search_term_string}\"},\"query-input\":\"required name=search_term_string\"}],\"inLanguage\":\"en-US\"},{\"@type\":\"Organization\",\"@id\":\"https:\/\/invictusoltrelimite.com\/#organization\",\"name\":\"Invictus\",\"url\":\"https:\/\/invictusoltrelimite.com\/\",\"logo\":{\"@type\":\"ImageObject\",\"inLanguage\":\"en-US\",\"@id\":\"https:\/\/invictusoltrelimite.com\/#\/schema\/logo\/image\/\",\"url\":\"https:\/\/invictusoltrelimite.com\/wp-content\/uploads\/2022\/10\/logo-white-1536x1131-1.png\",\"contentUrl\":\"https:\/\/invictusoltrelimite.com\/wp-content\/uploads\/2022\/10\/logo-white-1536x1131-1.png\",\"width\":1536,\"height\":1131,\"caption\":\"Invictus\"},\"image\":{\"@id\":\"https:\/\/invictusoltrelimite.com\/#\/schema\/logo\/image\/\"},\"sameAs\":[\"https:\/\/www.instagram.com\/invictusoltrelimite\/\",\"https:\/\/www.facebook.com\/profile.php?id=100063725432693\"]}]}<\/script>\n<meta property=\"product:price:amount\" content=\"6.32\" \/>\n<meta property=\"product:price:currency\" content=\"EUR\" \/>\n<meta property=\"og:availability\" content=\"out of stock\" \/>\n<meta property=\"product:availability\" content=\"out of stock\" \/>\n<meta property=\"product:retailer_item_id\" content=\"514\" \/>\n<meta property=\"product:condition\" content=\"new\" \/>\n<!-- \/ Yoast SEO Premium plugin. -->","yoast_head_json":{"title":"WHY NATURE VITAMINE E MINERALI - Evolution Muscle","description":"The alkalizing minerals are useful for counteracting excessive tissue acidification, or to regulate the acid-base ratio which is indispensable.","robots":{"index":"index","follow":"follow","max-snippet":"max-snippet:-1","max-image-preview":"max-image-preview:large","max-video-preview":"max-video-preview:-1"},"canonical":"https:\/\/invictusoltrelimite.com\/en\/prodotto\/why-nature-vitamine-e-minerali\/","og_locale":"en_US","og_type":"article","og_title":"WHY NATURE VITAMINE E MINERALI","og_description":"The alkalizing minerals are useful for counteracting excessive tissue acidification, or to regulate the acid-base ratio which is indispensable.","og_url":"https:\/\/invictusoltrelimite.com\/en\/prodotto\/why-nature-vitamine-e-minerali\/","og_site_name":"Evolution Muscle","article_publisher":"https:\/\/www.facebook.com\/profile.php?id=100063725432693","og_image":[{"width":510,"height":600,"url":"https:\/\/evolution-muscle.com\/wp-content\/uploads\/2021\/02\/Evolution-Muscle-_Vitamine-e-Minerali_10-buste.png","type":"image\/png"}],"twitter_card":"summary_large_image","schema":{"@context":"https:\/\/schema.org","@graph":[{"@type":["WebPage","ItemPage"],"@id":"https:\/\/invictusoltrelimite.com\/en\/prodotto\/why-nature-vitamine-e-minerali\/","url":"https:\/\/invictusoltrelimite.com\/en\/prodotto\/why-nature-vitamine-e-minerali\/","name":"WHY NATURE VITAMINE E MINERALI - Evolution Muscle","isPartOf":{"@id":"https:\/\/invictusoltrelimite.com\/#website"},"datePublished":"2018-10-29T23:00:00+00:00","dateModified":"2018-10-29T23:00:00+00:00","description":"The alkalizing minerals are useful for counteracting excessive tissue acidification, or to regulate the acid-base ratio which is indispensable.","breadcrumb":{"@id":"https:\/\/invictusoltrelimite.com\/en\/prodotto\/why-nature-vitamine-e-minerali\/#breadcrumb"},"inLanguage":"en-US","potentialAction":[{"@type":"ReadAction","target":["https:\/\/invictusoltrelimite.com\/en\/prodotto\/why-nature-vitamine-e-minerali\/"]}]},{"@type":"BreadcrumbList","@id":"https:\/\/invictusoltrelimite.com\/en\/prodotto\/why-nature-vitamine-e-minerali\/#breadcrumb","itemListElement":[{"@type":"ListItem","position":1,"name":"Home","item":"https:\/\/invictusoltrelimite.com\/en\/"},{"@type":"ListItem","position":2,"name":"SHOP","item":"https:\/\/invictusoltrelimite.com\/en\/shop\/"},{"@type":"ListItem","position":3,"name":"NATURAL FOODS","item":"https:\/\/invictusoltrelimite.com\/en\/product-category\/natural-foods\/"},{"@type":"ListItem","position":4,"name":"MINERALS","item":"https:\/\/invictusoltrelimite.com\/en\/product-category\/natural-foods\/minerals\/"},{"@type":"ListItem","position":5,"name":"WHY NATURE VITAMINE E MINERALI"}]},{"@type":"WebSite","@id":"https:\/\/invictusoltrelimite.com\/#website","url":"https:\/\/invictusoltrelimite.com\/","name":"Evolution Muscle","description":"WELLNESS SOLUTIONS","publisher":{"@id":"https:\/\/invictusoltrelimite.com\/#organization"},"potentialAction":[{"@type":"SearchAction","target":{"@type":"EntryPoint","urlTemplate":"https:\/\/invictusoltrelimite.com\/?s={search_term_string}"},"query-input":"required name=search_term_string"}],"inLanguage":"en-US"},{"@type":"Organization","@id":"https:\/\/invictusoltrelimite.com\/#organization","name":"Invictus","url":"https:\/\/invictusoltrelimite.com\/","logo":{"@type":"ImageObject","inLanguage":"en-US","@id":"https:\/\/invictusoltrelimite.com\/#\/schema\/logo\/image\/","url":"https:\/\/invictusoltrelimite.com\/wp-content\/uploads\/2022\/10\/logo-white-1536x1131-1.png","contentUrl":"https:\/\/invictusoltrelimite.com\/wp-content\/uploads\/2022\/10\/logo-white-1536x1131-1.png","width":1536,"height":1131,"caption":"Invictus"},"image":{"@id":"https:\/\/invictusoltrelimite.com\/#\/schema\/logo\/image\/"},"sameAs":["https:\/\/www.instagram.com\/invictusoltrelimite\/","https:\/\/www.facebook.com\/profile.php?id=100063725432693"]}]},"product_price_amount":"6.32","product_price_currency":"EUR","og_availability":"out of stock","product_availability":"out of stock","product_retailer_item_id":"514","product_condition":"new"},"_links":{"self":[{"href":"https:\/\/invictusoltrelimite.com\/en\/wp-json\/wp\/v2\/product\/112308","targetHints":{"allow":["GET"]}}],"collection":[{"href":"https:\/\/invictusoltrelimite.com\/en\/wp-json\/wp\/v2\/product"}],"about":[{"href":"https:\/\/invictusoltrelimite.com\/en\/wp-json\/wp\/v2\/types\/product"}],"replies":[{"embeddable":true,"href":"https:\/\/invictusoltrelimite.com\/en\/wp-json\/wp\/v2\/comments?post=112308"}],"wp:featuredmedia":[{"embeddable":true,"href":"https:\/\/invictusoltrelimite.com\/en\/wp-json\/wp\/v2\/media\/10287"}],"wp:attachment":[{"href":"https:\/\/invictusoltrelimite.com\/en\/wp-json\/wp\/v2\/media?parent=112308"}],"wp:term":[{"taxonomy":"product_cat","embeddable":true,"href":"https:\/\/invictusoltrelimite.com\/en\/wp-json\/wp\/v2\/product_cat?post=112308"},{"taxonomy":"product_tag","embeddable":true,"href":"https:\/\/invictusoltrelimite.com\/en\/wp-json\/wp\/v2\/product_tag?post=112308"}],"curies":[{"name":"wp","href":"https:\/\/api.w.org\/{rel}","templated":true}]}}