{"id":110683,"date":"2018-11-21T00:00:00","date_gmt":"2018-11-20T23:00:00","guid":{"rendered":"http:\/\/invictusoltrelimite.com\/prodotto\/enervit-protein-snack-salato40-30-30-olive-nere-200-g\/"},"modified":"2018-11-21T00:00:00","modified_gmt":"2018-11-20T23:00:00","slug":"enervit-protein-snack-salato40-30-30-olive-nere-200-g","status":"publish","type":"product","link":"https:\/\/invictusoltrelimite.com\/en\/prodotto\/enervit-protein-snack-salato40-30-30-olive-nere-200-g\/","title":{"rendered":"ENERVIT PROTEIN SNACK SALATO  40-30-30 OLIVE NERE-200 g"},"content":{"rendered":"<p><span style=\"font-size: 12pt;\"><span style=\"font-size: 14pt;\"><strong>Enervit Protein Snack Salato<\/strong><\/span> \u00e8 uno sfizioso cracker che puoi scegliere come spuntino a met\u00e0 mattina o a met\u00e0 pomeriggio, o durante i pasti come alternativa al pane.<\/span><\/p>\n<p><span style=\"font-size: 12pt;\">Ideale anche per preparare degli originali aperitivi per i tuoi amici, per esempio aggiungendo formaggio spalmabile, pomodoro a cubetti ed erba cipollina\u2026 Senza limiti alla tua fantasia!<\/span><\/p>\n<p><span style=\"font-size: 12pt;\"><span style=\"font-size: 14pt;\"><strong>Enervit Protein Snack Salato\u00a0<\/strong><\/span> \u00e8 ricco in proteine. Il suo apporto calorico diviso tra carboidrati, proteine e grassi, \u00e8 pari rispettivamente al 40%-30%-30%. Grazie all\u2019utilizzo di olio extravergine di oliva tra gli ingredienti, contiene inoltre acido oleico (7,2%), un grasso insaturo naturalmente presente in esso. La sostituzione nella dieta dei grassi saturi con grassi insaturi contribuisce al mantenimento di livelli normali di colesterolo nel sangue.<\/span><\/p>\n<p><span style=\"font-size: 12pt;\">Invictus Oltrelimite ti consiglia di seguire una dieta variata ed equilibrata e uno stile di vita sano.<\/span><br \/>\n<span style=\"font-size: 12pt;\"><span style=\"font-size: 14pt;\"><strong>Ingredienti<\/strong> <\/span>:<\/span><\/p>\n<div class=\"tabItem tab3\">\n<p><span style=\"font-size: 12pt;\">Farina integrale di <strong>farro <\/strong>(triticum spelta) (29,6%) \u2013 Proteine concentrate di <strong>soia <\/strong>(17,8%) &#8211; Farina di <strong>farro <\/strong>(12,9%) &#8211; Olio extravergine di oliva (9,8%) &#8211; Proteine isolate di pisello &#8211; Farina di <strong>grano <\/strong>duro &#8211; Amido di mais &#8211; Destrine resistenti &#8211; Sale &#8211; Emulsionante: lecitina di <strong>soia <\/strong>&#8211; Olive nere in granuli (0,5%) &#8211; Albume d\u2019<strong>uovo <\/strong>in polvere &#8211; Correttori di acidit\u00e0: bicarbonato di sodio, ferro gluconato &#8211; Aromi.<\/span><\/p>\n<p><span style=\"font-size: 12pt;\">Pu\u00f2\u00a0contenere tracce di\u00a0<strong>cereali\u00a0<\/strong>contenenti\u00a0<strong>glutine, uova, soia, latte, sesamo, frutta a guscio<\/strong>.<\/span><br \/>\n<span style=\"font-size: 14pt;\"><strong>Formato :<\/strong><\/span><\/p>\n<div class=\"tabItem tab4\">\n<p><span style=\"font-size: 12pt;\">Astuccio con 8 minipack da 25g<\/span><\/p>\n<p><span style=\"font-size: 12pt;\">Ricetta alle olive neri<\/span><\/p>\n<p><span style=\"font-size: 14pt;\"><strong>Valori nutrizionali :<\/strong><\/span><\/p>\n<table style=\"width: 685px;\" border=\"0\" cellspacing=\"2\" cellpadding=\"1\">\n<tbody>\n<tr>\n<td class=\"ckt-border-solid\" style=\"width: 260px;\" colspan=\"1\"><span style=\"font-size: 12pt;\">Informazioni Nutrizionali<\/span><\/td>\n<td class=\"ckt-border-solid\" style=\"width: 148px;\" colspan=\"1\"><span style=\"font-size: 12pt;\">Per 100 g<\/span><\/td>\n<td class=\"ckt-border-solid\" style=\"width: 277px;\"><span style=\"font-size: 12pt;\">1 minipack (25 g)<\/span><\/td>\n<\/tr>\n<tr>\n<td class=\"ckt-border-solid\" style=\"width: 260px;\" colspan=\"1\" rowspan=\"2\"><span style=\"font-size: 12pt;\">Energia<\/span><\/td>\n<td class=\"ckt-border-solid\" style=\"width: 148px;\" colspan=\"1\"><span style=\"font-size: 12pt;\">411 kcal<\/span><\/td>\n<td class=\"ckt-border-solid\" style=\"width: 277px;\"><span style=\"font-size: 12pt;\">103 kcal<\/span><\/td>\n<\/tr>\n<tr>\n<td class=\"ckt-border-solid\" style=\"width: 148px;\" colspan=\"1\"><span style=\"font-size: 12pt;\">1725 kj<\/span><\/td>\n<td class=\"ckt-border-solid\" style=\"width: 277px;\"><span style=\"font-size: 12pt;\">431 kj<\/span><\/td>\n<\/tr>\n<tr>\n<td class=\"ckt-border-solid\" style=\"width: 260px;\" colspan=\"1\"><span style=\"font-size: 12pt;\">Grassi di cui<\/span><\/td>\n<td class=\"ckt-border-solid\" style=\"width: 148px;\" colspan=\"1\"><span style=\"font-size: 12pt;\">14,8 g<\/span><\/td>\n<td class=\"ckt-border-solid\" style=\"width: 277px;\"><span style=\"font-size: 12pt;\">3,7 g<\/span><\/td>\n<\/tr>\n<tr>\n<td class=\"ckt-border-solid\" style=\"width: 260px;\" colspan=\"1\"><span style=\"font-size: 12pt;\">Saturi<\/span><\/td>\n<td class=\"ckt-border-solid\" style=\"width: 148px;\" colspan=\"1\"><span style=\"font-size: 12pt;\">2,7 g<\/span><\/td>\n<td class=\"ckt-border-solid\" style=\"width: 277px;\"><span style=\"font-size: 12pt;\">0,7 g<\/span><\/td>\n<\/tr>\n<tr>\n<td class=\"ckt-border-solid\" style=\"width: 260px;\" colspan=\"1\"><span style=\"font-size: 12pt;\">Monoinsaturi<\/span><\/td>\n<td class=\"ckt-border-solid\" style=\"width: 148px;\" colspan=\"1\"><span style=\"font-size: 12pt;\">8,4 g<\/span><\/td>\n<td class=\"ckt-border-solid\" style=\"width: 277px;\"><span style=\"font-size: 12pt;\">2,1 g<\/span><\/td>\n<\/tr>\n<tr>\n<td class=\"ckt-border-solid\" style=\"width: 260px;\" colspan=\"1\"><span style=\"font-size: 12pt;\">Polinsaturi<\/span><\/td>\n<td class=\"ckt-border-solid\" style=\"width: 148px;\" colspan=\"1\"><span style=\"font-size: 12pt;\">3,7 g<\/span><\/td>\n<td class=\"ckt-border-solid\" style=\"width: 277px;\"><span style=\"font-size: 12pt;\">0,9 g<\/span><\/td>\n<\/tr>\n<tr>\n<td class=\"ckt-border-solid\" style=\"width: 260px;\" colspan=\"1\"><span style=\"font-size: 12pt;\">Carboidrati<\/span><\/td>\n<td class=\"ckt-border-solid\" style=\"width: 148px;\" colspan=\"1\"><span style=\"font-size: 12pt;\">37,0 g<\/span><\/td>\n<td class=\"ckt-border-solid\" style=\"width: 277px;\"><span style=\"font-size: 12pt;\">9,3 g<\/span><\/td>\n<\/tr>\n<tr>\n<td class=\"ckt-border-solid\" style=\"width: 260px;\" colspan=\"1\"><span style=\"font-size: 12pt;\">Zuccheri<\/span><\/td>\n<td class=\"ckt-border-solid\" style=\"width: 148px;\" colspan=\"1\"><span style=\"font-size: 12pt;\">1,6 g<\/span><\/td>\n<td class=\"ckt-border-solid\" style=\"width: 277px;\"><span style=\"font-size: 12pt;\">0,4 g<\/span><\/td>\n<\/tr>\n<tr>\n<td class=\"ckt-border-solid\" style=\"width: 260px;\" colspan=\"1\"><span style=\"font-size: 12pt;\">Fibre<\/span><\/td>\n<td class=\"ckt-border-solid\" style=\"width: 148px;\" colspan=\"1\"><span style=\"font-size: 12pt;\">9,1 g<\/span><\/td>\n<td class=\"ckt-border-solid\" style=\"width: 277px;\"><span style=\"font-size: 12pt;\">2,3 g<\/span><\/td>\n<\/tr>\n<tr>\n<td class=\"ckt-border-solid\" style=\"width: 260px;\" colspan=\"1\"><span style=\"font-size: 12pt;\">Proteine<\/span><\/td>\n<td class=\"ckt-border-solid\" style=\"width: 148px;\" colspan=\"1\"><span style=\"font-size: 12pt;\">28,0 g<\/span><\/td>\n<td class=\"ckt-border-solid\" style=\"width: 277px;\"><span style=\"font-size: 12pt;\">7,0 g<\/span><\/td>\n<\/tr>\n<tr>\n<td class=\"ckt-border-solid\" style=\"width: 260px;\" colspan=\"1\"><span style=\"font-size: 12pt;\">Sale<\/span><\/td>\n<td class=\"ckt-border-solid\" style=\"width: 148px;\" colspan=\"1\"><span style=\"font-size: 12pt;\">2,3 g<\/span><\/td>\n<td class=\"ckt-border-solid\" style=\"width: 277px;\"><span style=\"font-size: 12pt;\">0,58 g<\/span><\/td>\n<\/tr>\n<\/tbody>\n<\/table>\n<\/div>\n<\/div>\n<p>\u00a0<\/p>\n","protected":false},"excerpt":{"rendered":"<ul class=\"caratteristiche tradeFont\">\n<li><span  ><strong>Ricco in proteine e in fibre<\/strong><\/span><\/li>\n<li><span  ><strong>Con olio extravergine di oliva<\/strong><\/span><\/li>\n<li><span  ><strong>Senza grassi idrogenati<\/strong><\/span><\/li>\n<li><span  ><strong>1 minipack = 3 cracker<\/strong><\/span><\/li>\n<\/ul>\n","protected":false},"featured_media":10147,"comment_status":"closed","ping_status":"closed","template":"","meta":[],"product_cat":[1900,1774,1775,2010,1867],"product_tag":[1778,1794,1871,1780,1790],"class_list":{"0":"post-110683","1":"product","2":"type-product","3":"status-publish","4":"has-post-thumbnail","6":"product_cat-bakery-products","7":"product_cat-brand-names","8":"product_cat-diet-products","9":"product_cat-enervit-en","10":"product_cat-snack","11":"product_tag-invictusoltrelimite-com-en","12":"product_tag-physical-and-mental-tiredness","13":"product_tag-snack-en-2","14":"product_tag-snack-en","15":"product_tag-sport-en","16":"entry","18":"first","19":"instock","20":"taxable","21":"shipping-taxable","22":"product-type-simple"},"yoast_head":"<!-- This site is optimized with the Yoast SEO Premium plugin v19.4 (Yoast SEO v19.9) - https:\/\/yoast.com\/wordpress\/plugins\/seo\/ -->\n<title>ENERVIT PROTEIN SNACK SALATO 40-30-30 OLIVE NERE-200 g - Evolution Muscle<\/title>\n<meta name=\"robots\" content=\"index, follow, max-snippet:-1, max-image-preview:large, max-video-preview:-1\" \/>\n<link rel=\"canonical\" href=\"https:\/\/invictusoltrelimite.com\/en\/prodotto\/enervit-protein-snack-salato40-30-30-olive-nere-200-g\/\" \/>\n<meta property=\"og:locale\" content=\"en_US\" \/>\n<meta property=\"og:type\" content=\"article\" \/>\n<meta property=\"og:title\" content=\"ENERVIT PROTEIN SNACK SALATO 40-30-30 OLIVE NERE-200 g\" \/>\n<meta property=\"og:description\" content=\"Ricco in proteine e in fibre  Con olio extravergine di oliva  Senza grassi idrogenati  1 minipack = 3 cracker\" \/>\n<meta property=\"og:url\" content=\"https:\/\/invictusoltrelimite.com\/en\/prodotto\/enervit-protein-snack-salato40-30-30-olive-nere-200-g\/\" \/>\n<meta property=\"og:site_name\" content=\"Evolution Muscle\" \/>\n<meta property=\"article:publisher\" content=\"https:\/\/www.facebook.com\/profile.php?id=100063725432693\" \/>\n<meta property=\"og:image\" content=\"https:\/\/evolution-muscle.com\/wp-content\/uploads\/2021\/02\/Evolution-Muscle-snack-salati-olive.png\" \/>\n\t<meta property=\"og:image:width\" content=\"480\" \/>\n\t<meta property=\"og:image:height\" content=\"534\" \/>\n\t<meta property=\"og:image:type\" content=\"image\/png\" \/>\n<meta name=\"twitter:card\" content=\"summary_large_image\" \/>\n<script type=\"application\/ld+json\" class=\"yoast-schema-graph\">{\"@context\":\"https:\/\/schema.org\",\"@graph\":[{\"@type\":[\"WebPage\",\"ItemPage\"],\"@id\":\"https:\/\/invictusoltrelimite.com\/en\/prodotto\/enervit-protein-snack-salato40-30-30-olive-nere-200-g\/\",\"url\":\"https:\/\/invictusoltrelimite.com\/en\/prodotto\/enervit-protein-snack-salato40-30-30-olive-nere-200-g\/\",\"name\":\"ENERVIT PROTEIN SNACK SALATO 40-30-30 OLIVE NERE-200 g - Evolution Muscle\",\"isPartOf\":{\"@id\":\"https:\/\/invictusoltrelimite.com\/#website\"},\"datePublished\":\"2018-11-20T23:00:00+00:00\",\"dateModified\":\"2018-11-20T23:00:00+00:00\",\"breadcrumb\":{\"@id\":\"https:\/\/invictusoltrelimite.com\/en\/prodotto\/enervit-protein-snack-salato40-30-30-olive-nere-200-g\/#breadcrumb\"},\"inLanguage\":\"en-US\",\"potentialAction\":[{\"@type\":\"ReadAction\",\"target\":[\"https:\/\/invictusoltrelimite.com\/en\/prodotto\/enervit-protein-snack-salato40-30-30-olive-nere-200-g\/\"]}]},{\"@type\":\"BreadcrumbList\",\"@id\":\"https:\/\/invictusoltrelimite.com\/en\/prodotto\/enervit-protein-snack-salato40-30-30-olive-nere-200-g\/#breadcrumb\",\"itemListElement\":[{\"@type\":\"ListItem\",\"position\":1,\"name\":\"Home\",\"item\":\"https:\/\/invictusoltrelimite.com\/en\/\"},{\"@type\":\"ListItem\",\"position\":2,\"name\":\"SHOP\",\"item\":\"https:\/\/invictusoltrelimite.com\/en\/shop\/\"},{\"@type\":\"ListItem\",\"position\":3,\"name\":\"DIET PRODUCTS\",\"item\":\"https:\/\/invictusoltrelimite.com\/en\/product-category\/diet-products\/\"},{\"@type\":\"ListItem\",\"position\":4,\"name\":\"BAKERY PRODUCTS\",\"item\":\"https:\/\/invictusoltrelimite.com\/en\/product-category\/diet-products\/bakery-products\/\"},{\"@type\":\"ListItem\",\"position\":5,\"name\":\"ENERVIT PROTEIN SNACK SALATO 40-30-30 OLIVE NERE-200 g\"}]},{\"@type\":\"WebSite\",\"@id\":\"https:\/\/invictusoltrelimite.com\/#website\",\"url\":\"https:\/\/invictusoltrelimite.com\/\",\"name\":\"Evolution Muscle\",\"description\":\"WELLNESS SOLUTIONS\",\"publisher\":{\"@id\":\"https:\/\/invictusoltrelimite.com\/#organization\"},\"potentialAction\":[{\"@type\":\"SearchAction\",\"target\":{\"@type\":\"EntryPoint\",\"urlTemplate\":\"https:\/\/invictusoltrelimite.com\/?s={search_term_string}\"},\"query-input\":\"required name=search_term_string\"}],\"inLanguage\":\"en-US\"},{\"@type\":\"Organization\",\"@id\":\"https:\/\/invictusoltrelimite.com\/#organization\",\"name\":\"Invictus\",\"url\":\"https:\/\/invictusoltrelimite.com\/\",\"logo\":{\"@type\":\"ImageObject\",\"inLanguage\":\"en-US\",\"@id\":\"https:\/\/invictusoltrelimite.com\/#\/schema\/logo\/image\/\",\"url\":\"https:\/\/invictusoltrelimite.com\/wp-content\/uploads\/2022\/10\/logo-white-1536x1131-1.png\",\"contentUrl\":\"https:\/\/invictusoltrelimite.com\/wp-content\/uploads\/2022\/10\/logo-white-1536x1131-1.png\",\"width\":1536,\"height\":1131,\"caption\":\"Invictus\"},\"image\":{\"@id\":\"https:\/\/invictusoltrelimite.com\/#\/schema\/logo\/image\/\"},\"sameAs\":[\"https:\/\/www.instagram.com\/invictusoltrelimite\/\",\"https:\/\/www.facebook.com\/profile.php?id=100063725432693\"]}]}<\/script>\n<meta property=\"product:price:amount\" content=\"0.00\" \/>\n<meta property=\"product:price:currency\" content=\"EUR\" \/>\n<meta property=\"og:availability\" content=\"instock\" \/>\n<meta property=\"product:availability\" content=\"instock\" \/>\n<meta property=\"product:condition\" content=\"new\" \/>\n<!-- \/ Yoast SEO Premium plugin. -->","yoast_head_json":{"title":"ENERVIT PROTEIN SNACK SALATO 40-30-30 OLIVE NERE-200 g - Evolution Muscle","robots":{"index":"index","follow":"follow","max-snippet":"max-snippet:-1","max-image-preview":"max-image-preview:large","max-video-preview":"max-video-preview:-1"},"canonical":"https:\/\/invictusoltrelimite.com\/en\/prodotto\/enervit-protein-snack-salato40-30-30-olive-nere-200-g\/","og_locale":"en_US","og_type":"article","og_title":"ENERVIT PROTEIN SNACK SALATO 40-30-30 OLIVE NERE-200 g","og_description":"Ricco in proteine e in fibre  Con olio extravergine di oliva  Senza grassi idrogenati  1 minipack = 3 cracker","og_url":"https:\/\/invictusoltrelimite.com\/en\/prodotto\/enervit-protein-snack-salato40-30-30-olive-nere-200-g\/","og_site_name":"Evolution Muscle","article_publisher":"https:\/\/www.facebook.com\/profile.php?id=100063725432693","og_image":[{"width":480,"height":534,"url":"https:\/\/evolution-muscle.com\/wp-content\/uploads\/2021\/02\/Evolution-Muscle-snack-salati-olive.png","type":"image\/png"}],"twitter_card":"summary_large_image","schema":{"@context":"https:\/\/schema.org","@graph":[{"@type":["WebPage","ItemPage"],"@id":"https:\/\/invictusoltrelimite.com\/en\/prodotto\/enervit-protein-snack-salato40-30-30-olive-nere-200-g\/","url":"https:\/\/invictusoltrelimite.com\/en\/prodotto\/enervit-protein-snack-salato40-30-30-olive-nere-200-g\/","name":"ENERVIT PROTEIN SNACK SALATO 40-30-30 OLIVE NERE-200 g - Evolution Muscle","isPartOf":{"@id":"https:\/\/invictusoltrelimite.com\/#website"},"datePublished":"2018-11-20T23:00:00+00:00","dateModified":"2018-11-20T23:00:00+00:00","breadcrumb":{"@id":"https:\/\/invictusoltrelimite.com\/en\/prodotto\/enervit-protein-snack-salato40-30-30-olive-nere-200-g\/#breadcrumb"},"inLanguage":"en-US","potentialAction":[{"@type":"ReadAction","target":["https:\/\/invictusoltrelimite.com\/en\/prodotto\/enervit-protein-snack-salato40-30-30-olive-nere-200-g\/"]}]},{"@type":"BreadcrumbList","@id":"https:\/\/invictusoltrelimite.com\/en\/prodotto\/enervit-protein-snack-salato40-30-30-olive-nere-200-g\/#breadcrumb","itemListElement":[{"@type":"ListItem","position":1,"name":"Home","item":"https:\/\/invictusoltrelimite.com\/en\/"},{"@type":"ListItem","position":2,"name":"SHOP","item":"https:\/\/invictusoltrelimite.com\/en\/shop\/"},{"@type":"ListItem","position":3,"name":"DIET PRODUCTS","item":"https:\/\/invictusoltrelimite.com\/en\/product-category\/diet-products\/"},{"@type":"ListItem","position":4,"name":"BAKERY PRODUCTS","item":"https:\/\/invictusoltrelimite.com\/en\/product-category\/diet-products\/bakery-products\/"},{"@type":"ListItem","position":5,"name":"ENERVIT PROTEIN SNACK SALATO 40-30-30 OLIVE NERE-200 g"}]},{"@type":"WebSite","@id":"https:\/\/invictusoltrelimite.com\/#website","url":"https:\/\/invictusoltrelimite.com\/","name":"Evolution Muscle","description":"WELLNESS SOLUTIONS","publisher":{"@id":"https:\/\/invictusoltrelimite.com\/#organization"},"potentialAction":[{"@type":"SearchAction","target":{"@type":"EntryPoint","urlTemplate":"https:\/\/invictusoltrelimite.com\/?s={search_term_string}"},"query-input":"required name=search_term_string"}],"inLanguage":"en-US"},{"@type":"Organization","@id":"https:\/\/invictusoltrelimite.com\/#organization","name":"Invictus","url":"https:\/\/invictusoltrelimite.com\/","logo":{"@type":"ImageObject","inLanguage":"en-US","@id":"https:\/\/invictusoltrelimite.com\/#\/schema\/logo\/image\/","url":"https:\/\/invictusoltrelimite.com\/wp-content\/uploads\/2022\/10\/logo-white-1536x1131-1.png","contentUrl":"https:\/\/invictusoltrelimite.com\/wp-content\/uploads\/2022\/10\/logo-white-1536x1131-1.png","width":1536,"height":1131,"caption":"Invictus"},"image":{"@id":"https:\/\/invictusoltrelimite.com\/#\/schema\/logo\/image\/"},"sameAs":["https:\/\/www.instagram.com\/invictusoltrelimite\/","https:\/\/www.facebook.com\/profile.php?id=100063725432693"]}]},"product_price_amount":"0.00","product_price_currency":"EUR","og_availability":"instock","product_availability":"instock","product_condition":"new"},"_links":{"self":[{"href":"https:\/\/invictusoltrelimite.com\/en\/wp-json\/wp\/v2\/product\/110683","targetHints":{"allow":["GET"]}}],"collection":[{"href":"https:\/\/invictusoltrelimite.com\/en\/wp-json\/wp\/v2\/product"}],"about":[{"href":"https:\/\/invictusoltrelimite.com\/en\/wp-json\/wp\/v2\/types\/product"}],"replies":[{"embeddable":true,"href":"https:\/\/invictusoltrelimite.com\/en\/wp-json\/wp\/v2\/comments?post=110683"}],"wp:featuredmedia":[{"embeddable":true,"href":"https:\/\/invictusoltrelimite.com\/en\/wp-json\/wp\/v2\/media\/10147"}],"wp:attachment":[{"href":"https:\/\/invictusoltrelimite.com\/en\/wp-json\/wp\/v2\/media?parent=110683"}],"wp:term":[{"taxonomy":"product_cat","embeddable":true,"href":"https:\/\/invictusoltrelimite.com\/en\/wp-json\/wp\/v2\/product_cat?post=110683"},{"taxonomy":"product_tag","embeddable":true,"href":"https:\/\/invictusoltrelimite.com\/en\/wp-json\/wp\/v2\/product_tag?post=110683"}],"curies":[{"name":"wp","href":"https:\/\/api.w.org\/{rel}","templated":true}]}}