{"id":110009,"date":"2019-12-12T00:00:00","date_gmt":"2019-12-11T23:00:00","guid":{"rendered":"http:\/\/invictusoltrelimite.com\/prodotto\/eurosup-isobolic-xp-900-g\/"},"modified":"2019-12-12T00:00:00","modified_gmt":"2019-12-11T23:00:00","slug":"eurosup-isobolic-xp-900-g","status":"publish","type":"product","link":"https:\/\/invictusoltrelimite.com\/en\/prodotto\/eurosup-isobolic-xp-900-g\/","title":{"rendered":"EUROSUP ISOBOLIC XP 900 G ( 04 \/ 2021 )"},"content":{"rendered":"<p><strong>ISOBOLIC XP<\/strong> \u00e8 un integratore alimentare di purissime proteine \u200b\u200bdel siero di latte isolato con dolcificante, particolarmente adatto agli sportivi, alla solubilit\u00e0 istantanea. La vitamina B6 contribuisce al normale metabolismo delle proteine \u200b\u200be del glicogeno e alla riduzione della stanchezza e dell&#8217;affaticamento. La proteina del siero di latte era una fonte proteica ad alto valore biologico (valore biologico 104) e aveva un alto contenuto di aminoacidi a catena ramificata. Il prodotto contiene purissime proteine \u200b\u200bdello strato isolato di alta qualit\u00e0, ottenute dall&#8217;ultrafiltrazione e microfiltrazione al flusso incrociato. Il tempo di digestione di questa proteina \u00e8 molto veloce, \u00e8 molto veloce e il contenuto di aminoacidi \u00e8 veloce.<br \/>\nISOBOLIC XP fornisce in proporzione alla protezione ideale del siero di latte.<br \/>\n<strong>Il Barattolo da 900 g.<\/strong><br \/>\n<strong>Informazioni nutrizionali:<\/strong><\/p>\n<p><strong>Gusto Cookies &amp; Cream<\/strong><\/p>\n<p>Per 100 g<br \/>\nValore energetico 1509 kJ \/ 355 kcal<br \/>\nGrassi 0,4 g<br \/>\ndi cui acidi grassi saturi 0.2 g<br \/>\nCarboidrati 3,9 g<br \/>\ndi cui zuccheri 1.2 g<br \/>\nProteine \u200b\u200b84 g<br \/>\nSale 0,6 g<br \/>\nVitamina B6 (30% AR) 1,4 mg<br \/>\nBromelina 2400 GDU 100 mg<\/p>\n<p>Per porzione (30 g)<br \/>\nValore energetico 449 kJ \/ 106 kcal<br \/>\nGrassi 0,1 g<br \/>\ndi cui acidi grassi saturi 0.1 g<br \/>\nCarboidrati 1.2 g<br \/>\ndi cui zuccheri 0,4 g<br \/>\nProteine \u200b\u200b25 g<br \/>\nSale 0,18 g<br \/>\nVitamina B6 (30% AR) 0,42 g<br \/>\nBromelina 2400 GDU 30 mg<\/p>\n<p>* AR assunzione di riferimento<\/p>\n<p>PROTEINA TIPICA DI AMINOACIDO PROFILE% SULLE<br \/>\nL-Isoleucina 6.40<br \/>\nL-Leucina 10.60<br \/>\nL-Valina 5.90<br \/>\nBCAA totale 22,90<br \/>\nL-Lisina 9.60<br \/>\nL-metionina 2.20<br \/>\nL-fenilalanina 3.00<br \/>\nL-treonina 6.70<br \/>\nL-arginina 2.10<br \/>\nL-Alanina 5.00<br \/>\nAcido L-Aspartico 11.00<br \/>\nL-cistina 2.20<br \/>\nAcido L-glutammico 18.10<br \/>\nL-glicina 1.40<br \/>\nL-Istidina 1.70<br \/>\nL-Proline 5.50<br \/>\nL-Serina 4.60<br \/>\nL-tirosina 2.60<br \/>\nL-triptofano 1.40<\/p>\n<p><strong>Ingredienti:<\/strong> Purissime proteine \u200b\u200bdel siero di <strong>LATTE<\/strong> isolato mediante ultrafiltrazione a flusso incrociato e microfiltrazione (emulsionante lecitina di <strong>SOIA<\/strong>); Aromi; cacao in polvere; Addensante: gomma xantana; regolatore di acidit\u00e0: acido citrico, Sale; Edulcoranti: sucralosium, acesulfame K; Bromelina 2400 GDU; Piridossina cloridrato (vitamina B6).<\/p>\n<p><strong>Attenzione:<\/strong> il valore nutritivo e l&#8217;ingrediente possono variare in base al gusto. Lo apprezzo espressi sul sito si consiglia ad un gusto specifico.<br \/>\nDosaggio consigliato: Assumere una porzione di 30 g (3 misurini) alla miscelata giorno con 130-200 ml di acqua o altro liquido a scelta. Il volume del liquido aggiunto influenza la sua intensit\u00e0 di gusto e la sua densit\u00e0 del preparato, non influenza la sua digeribilit\u00e0 o assimilazione. Assumi il prodotto come spuntino durante la giornata, lontano dai pasti principali, oppure dopo gli allenamenti o attivit\u00e0 sportiva. Preparazione nel bicchiere: Il prodotto \u00e8 istantaneo, il che significa che non serve lo shaker per prepararlo. Inserir\u00f2 una porzione del prodotto nel bicchiere, aggiunger\u00f2 acqua e miscelare con un cucchiaio per alcuni secondi. Preparati con lo shaker: porter\u00f2 con me uno shaker per l&#8217;arena in via migratoria per fornire una dose efficace di proteine \u200b\u200bsubito dopo l&#8217;allenamento. Inserire una porzione del prodotto nello shaker, aggiungere acqua, coprire con il tappo e shakerare per alcuni secondi.<br \/>\n<strong>Avvertenze:<\/strong> No superego le dosi giornaliere consigliate. Avr\u00f2 fuori dalla portata dei bambini al di sotto dei tre anni. Gli integratori alimentai non vanno intetesi \u00e8 un integratore di una dieta varia ed equilibrata. Non utilizzare in gravidanza e nei bambini o comunicare per periodi prolungati senza sentire il parere del medico.<br \/>\nInvictus Oltrelimite ricorda l&#8217;importanza di seguire uno stile di vita sano e un&#8217;alimentazione variata ed equilibrata.<br \/>\nConserver\u00f2 in luogo fresco e asciutto, al riparo da fonti di calore.<\/p>\n","protected":false},"excerpt":{"rendered":"<p><strong>Whey Protein Isolate<\/strong><\/p>\n","protected":false},"featured_media":8941,"comment_status":"closed","ping_status":"closed","template":"","meta":[],"product_cat":[1774,2496,1937,1895,1786],"product_tag":[1778,1889,1781,1780,1790],"class_list":{"0":"post-110009","1":"product","2":"type-product","3":"status-publish","4":"has-post-thumbnail","6":"product_cat-brand-names","7":"product_cat-eurosup-en","8":"product_cat-of-milk-whey","9":"product_cat-proteins","10":"product_cat-supplements","11":"product_tag-invictusoltrelimite-com-en","12":"product_tag-isolated-proteins","13":"product_tag-physical-activity","14":"product_tag-snack-en","15":"product_tag-sport-en","16":"entry","18":"first","19":"outofstock","20":"taxable","21":"shipping-taxable","22":"purchasable","23":"product-type-simple"},"yoast_head":"<!-- This site is optimized with the Yoast SEO Premium plugin v19.4 (Yoast SEO v19.9) - https:\/\/yoast.com\/wordpress\/plugins\/seo\/ -->\n<title>EUROSUP ISOBOLIC XP 900 G ( 04 \/ 2021 ) - Evolution Muscle<\/title>\n<meta name=\"robots\" content=\"index, follow, max-snippet:-1, max-image-preview:large, max-video-preview:-1\" \/>\n<link rel=\"canonical\" href=\"https:\/\/invictusoltrelimite.com\/en\/prodotto\/eurosup-isobolic-xp-900-g\/\" \/>\n<meta property=\"og:locale\" content=\"en_US\" \/>\n<meta property=\"og:type\" content=\"article\" \/>\n<meta property=\"og:title\" content=\"EUROSUP ISOBOLIC XP 900 G ( 04 \/ 2021 )\" \/>\n<meta property=\"og:description\" content=\"Whey Protein Isolate\" \/>\n<meta property=\"og:url\" content=\"https:\/\/invictusoltrelimite.com\/en\/prodotto\/eurosup-isobolic-xp-900-g\/\" \/>\n<meta property=\"og:site_name\" content=\"Evolution Muscle\" \/>\n<meta property=\"article:publisher\" content=\"https:\/\/www.facebook.com\/profile.php?id=100063725432693\" \/>\n<meta property=\"og:image\" content=\"https:\/\/evolution-muscle.com\/wp-content\/uploads\/2021\/02\/isobolic_xp_900g_vaniglia.jpg\" \/>\n\t<meta property=\"og:image:width\" content=\"270\" \/>\n\t<meta property=\"og:image:height\" content=\"360\" \/>\n\t<meta property=\"og:image:type\" content=\"image\/jpeg\" \/>\n<meta name=\"twitter:card\" content=\"summary_large_image\" \/>\n<script type=\"application\/ld+json\" class=\"yoast-schema-graph\">{\"@context\":\"https:\/\/schema.org\",\"@graph\":[{\"@type\":[\"WebPage\",\"ItemPage\"],\"@id\":\"https:\/\/invictusoltrelimite.com\/en\/prodotto\/eurosup-isobolic-xp-900-g\/\",\"url\":\"https:\/\/invictusoltrelimite.com\/en\/prodotto\/eurosup-isobolic-xp-900-g\/\",\"name\":\"EUROSUP ISOBOLIC XP 900 G ( 04 \/ 2021 ) - Evolution Muscle\",\"isPartOf\":{\"@id\":\"https:\/\/invictusoltrelimite.com\/#website\"},\"datePublished\":\"2019-12-11T23:00:00+00:00\",\"dateModified\":\"2019-12-11T23:00:00+00:00\",\"breadcrumb\":{\"@id\":\"https:\/\/invictusoltrelimite.com\/en\/prodotto\/eurosup-isobolic-xp-900-g\/#breadcrumb\"},\"inLanguage\":\"en-US\",\"potentialAction\":[{\"@type\":\"ReadAction\",\"target\":[\"https:\/\/invictusoltrelimite.com\/en\/prodotto\/eurosup-isobolic-xp-900-g\/\"]}]},{\"@type\":\"BreadcrumbList\",\"@id\":\"https:\/\/invictusoltrelimite.com\/en\/prodotto\/eurosup-isobolic-xp-900-g\/#breadcrumb\",\"itemListElement\":[{\"@type\":\"ListItem\",\"position\":1,\"name\":\"Home\",\"item\":\"https:\/\/invictusoltrelimite.com\/en\/\"},{\"@type\":\"ListItem\",\"position\":2,\"name\":\"SHOP\",\"item\":\"https:\/\/invictusoltrelimite.com\/en\/shop\/\"},{\"@type\":\"ListItem\",\"position\":3,\"name\":\"SUPPLEMENTS\",\"item\":\"https:\/\/invictusoltrelimite.com\/en\/product-category\/supplements\/\"},{\"@type\":\"ListItem\",\"position\":4,\"name\":\"PROTEINS\",\"item\":\"https:\/\/invictusoltrelimite.com\/en\/product-category\/supplements\/proteins\/\"},{\"@type\":\"ListItem\",\"position\":5,\"name\":\"OF MILK WHEY\",\"item\":\"https:\/\/invictusoltrelimite.com\/en\/product-category\/supplements\/proteins\/of-milk-whey\/\"},{\"@type\":\"ListItem\",\"position\":6,\"name\":\"EUROSUP ISOBOLIC XP 900 G ( 04 \/ 2021 )\"}]},{\"@type\":\"WebSite\",\"@id\":\"https:\/\/invictusoltrelimite.com\/#website\",\"url\":\"https:\/\/invictusoltrelimite.com\/\",\"name\":\"Evolution Muscle\",\"description\":\"WELLNESS SOLUTIONS\",\"publisher\":{\"@id\":\"https:\/\/invictusoltrelimite.com\/#organization\"},\"potentialAction\":[{\"@type\":\"SearchAction\",\"target\":{\"@type\":\"EntryPoint\",\"urlTemplate\":\"https:\/\/invictusoltrelimite.com\/?s={search_term_string}\"},\"query-input\":\"required name=search_term_string\"}],\"inLanguage\":\"en-US\"},{\"@type\":\"Organization\",\"@id\":\"https:\/\/invictusoltrelimite.com\/#organization\",\"name\":\"Invictus\",\"url\":\"https:\/\/invictusoltrelimite.com\/\",\"logo\":{\"@type\":\"ImageObject\",\"inLanguage\":\"en-US\",\"@id\":\"https:\/\/invictusoltrelimite.com\/#\/schema\/logo\/image\/\",\"url\":\"https:\/\/invictusoltrelimite.com\/wp-content\/uploads\/2022\/10\/logo-white-1536x1131-1.png\",\"contentUrl\":\"https:\/\/invictusoltrelimite.com\/wp-content\/uploads\/2022\/10\/logo-white-1536x1131-1.png\",\"width\":1536,\"height\":1131,\"caption\":\"Invictus\"},\"image\":{\"@id\":\"https:\/\/invictusoltrelimite.com\/#\/schema\/logo\/image\/\"},\"sameAs\":[\"https:\/\/www.instagram.com\/invictusoltrelimite\/\",\"https:\/\/www.facebook.com\/profile.php?id=100063725432693\"]}]}<\/script>\n<meta property=\"product:price:amount\" content=\"52.90\" \/>\n<meta property=\"product:price:currency\" content=\"EUR\" \/>\n<meta property=\"og:availability\" content=\"out of stock\" \/>\n<meta property=\"product:availability\" content=\"out of stock\" \/>\n<meta property=\"product:retailer_item_id\" content=\"11333\" \/>\n<meta property=\"product:condition\" content=\"new\" \/>\n<!-- \/ Yoast SEO Premium plugin. -->","yoast_head_json":{"title":"EUROSUP ISOBOLIC XP 900 G ( 04 \/ 2021 ) - Evolution Muscle","robots":{"index":"index","follow":"follow","max-snippet":"max-snippet:-1","max-image-preview":"max-image-preview:large","max-video-preview":"max-video-preview:-1"},"canonical":"https:\/\/invictusoltrelimite.com\/en\/prodotto\/eurosup-isobolic-xp-900-g\/","og_locale":"en_US","og_type":"article","og_title":"EUROSUP ISOBOLIC XP 900 G ( 04 \/ 2021 )","og_description":"Whey Protein Isolate","og_url":"https:\/\/invictusoltrelimite.com\/en\/prodotto\/eurosup-isobolic-xp-900-g\/","og_site_name":"Evolution Muscle","article_publisher":"https:\/\/www.facebook.com\/profile.php?id=100063725432693","og_image":[{"width":270,"height":360,"url":"https:\/\/evolution-muscle.com\/wp-content\/uploads\/2021\/02\/isobolic_xp_900g_vaniglia.jpg","type":"image\/jpeg"}],"twitter_card":"summary_large_image","schema":{"@context":"https:\/\/schema.org","@graph":[{"@type":["WebPage","ItemPage"],"@id":"https:\/\/invictusoltrelimite.com\/en\/prodotto\/eurosup-isobolic-xp-900-g\/","url":"https:\/\/invictusoltrelimite.com\/en\/prodotto\/eurosup-isobolic-xp-900-g\/","name":"EUROSUP ISOBOLIC XP 900 G ( 04 \/ 2021 ) - Evolution Muscle","isPartOf":{"@id":"https:\/\/invictusoltrelimite.com\/#website"},"datePublished":"2019-12-11T23:00:00+00:00","dateModified":"2019-12-11T23:00:00+00:00","breadcrumb":{"@id":"https:\/\/invictusoltrelimite.com\/en\/prodotto\/eurosup-isobolic-xp-900-g\/#breadcrumb"},"inLanguage":"en-US","potentialAction":[{"@type":"ReadAction","target":["https:\/\/invictusoltrelimite.com\/en\/prodotto\/eurosup-isobolic-xp-900-g\/"]}]},{"@type":"BreadcrumbList","@id":"https:\/\/invictusoltrelimite.com\/en\/prodotto\/eurosup-isobolic-xp-900-g\/#breadcrumb","itemListElement":[{"@type":"ListItem","position":1,"name":"Home","item":"https:\/\/invictusoltrelimite.com\/en\/"},{"@type":"ListItem","position":2,"name":"SHOP","item":"https:\/\/invictusoltrelimite.com\/en\/shop\/"},{"@type":"ListItem","position":3,"name":"SUPPLEMENTS","item":"https:\/\/invictusoltrelimite.com\/en\/product-category\/supplements\/"},{"@type":"ListItem","position":4,"name":"PROTEINS","item":"https:\/\/invictusoltrelimite.com\/en\/product-category\/supplements\/proteins\/"},{"@type":"ListItem","position":5,"name":"OF MILK WHEY","item":"https:\/\/invictusoltrelimite.com\/en\/product-category\/supplements\/proteins\/of-milk-whey\/"},{"@type":"ListItem","position":6,"name":"EUROSUP ISOBOLIC XP 900 G ( 04 \/ 2021 )"}]},{"@type":"WebSite","@id":"https:\/\/invictusoltrelimite.com\/#website","url":"https:\/\/invictusoltrelimite.com\/","name":"Evolution Muscle","description":"WELLNESS SOLUTIONS","publisher":{"@id":"https:\/\/invictusoltrelimite.com\/#organization"},"potentialAction":[{"@type":"SearchAction","target":{"@type":"EntryPoint","urlTemplate":"https:\/\/invictusoltrelimite.com\/?s={search_term_string}"},"query-input":"required name=search_term_string"}],"inLanguage":"en-US"},{"@type":"Organization","@id":"https:\/\/invictusoltrelimite.com\/#organization","name":"Invictus","url":"https:\/\/invictusoltrelimite.com\/","logo":{"@type":"ImageObject","inLanguage":"en-US","@id":"https:\/\/invictusoltrelimite.com\/#\/schema\/logo\/image\/","url":"https:\/\/invictusoltrelimite.com\/wp-content\/uploads\/2022\/10\/logo-white-1536x1131-1.png","contentUrl":"https:\/\/invictusoltrelimite.com\/wp-content\/uploads\/2022\/10\/logo-white-1536x1131-1.png","width":1536,"height":1131,"caption":"Invictus"},"image":{"@id":"https:\/\/invictusoltrelimite.com\/#\/schema\/logo\/image\/"},"sameAs":["https:\/\/www.instagram.com\/invictusoltrelimite\/","https:\/\/www.facebook.com\/profile.php?id=100063725432693"]}]},"product_price_amount":"52.90","product_price_currency":"EUR","og_availability":"out of stock","product_availability":"out of stock","product_retailer_item_id":"11333","product_condition":"new"},"_links":{"self":[{"href":"https:\/\/invictusoltrelimite.com\/en\/wp-json\/wp\/v2\/product\/110009","targetHints":{"allow":["GET"]}}],"collection":[{"href":"https:\/\/invictusoltrelimite.com\/en\/wp-json\/wp\/v2\/product"}],"about":[{"href":"https:\/\/invictusoltrelimite.com\/en\/wp-json\/wp\/v2\/types\/product"}],"replies":[{"embeddable":true,"href":"https:\/\/invictusoltrelimite.com\/en\/wp-json\/wp\/v2\/comments?post=110009"}],"wp:featuredmedia":[{"embeddable":true,"href":"https:\/\/invictusoltrelimite.com\/en\/wp-json\/wp\/v2\/media\/8941"}],"wp:attachment":[{"href":"https:\/\/invictusoltrelimite.com\/en\/wp-json\/wp\/v2\/media?parent=110009"}],"wp:term":[{"taxonomy":"product_cat","embeddable":true,"href":"https:\/\/invictusoltrelimite.com\/en\/wp-json\/wp\/v2\/product_cat?post=110009"},{"taxonomy":"product_tag","embeddable":true,"href":"https:\/\/invictusoltrelimite.com\/en\/wp-json\/wp\/v2\/product_tag?post=110009"}],"curies":[{"name":"wp","href":"https:\/\/api.w.org\/{rel}","templated":true}]}}